{"id":4423,"date":"2022-11-26T12:01:28","date_gmt":"2022-11-26T11:01:28","guid":{"rendered":"https:\/\/arttrakt.pl\/?post_type=product&#038;p=4423"},"modified":"2023-03-19T13:01:58","modified_gmt":"2023-03-19T12:01:58","slug":"legenda-o-jedenastu-sluzacych","status":"publish","type":"product","link":"https:\/\/arttrakt.pl\/en\/artysci\/jacek-sroka\/legenda-o-jedenastu-sluzacych\/","title":{"rendered":"Legenda o jedenastu s\u0142u\u017c\u0105cych"},"content":{"rendered":"<p>[et_pb_section fb_built=&#8221;1&#8243; theme_builder_area=&#8221;post_content&#8221; _builder_version=&#8221;4.19.5&#8243; _module_preset=&#8221;default&#8221;][\/et_pb_section]<\/p>\n","protected":false},"excerpt":{"rendered":"<div class='et-box et-shadow'>\n\t\t\t\t\t<div class='et-box-content'>ZOBACZ T\u0104 PRAC\u0118 NA<a href=\"https:\/\/shop.arttrakt.pl\/shop\/grafika\/legenda-o-jedenastu-sluzacych\/\"> ARTTRAKT-SHOP<\/a><\/div><\/div>\n<p>GRAFIKA, akwaforta z akwatint\u0105. Edycja-100 egzemplarzy.<\/p>\n","protected":false},"featured_media":5959,"comment_status":"closed","ping_status":"closed","template":"","meta":{"_et_pb_use_builder":"on","_et_pb_old_content":"","_et_gb_content_width":"","inline_featured_image":false},"product_brand":[],"product_cat":[425],"product_tag":[],"class_list":{"0":"post-4423","1":"product","2":"type-product","3":"status-publish","4":"has-post-thumbnail","6":"product_cat-jacek-sroka","8":"first","9":"instock","10":"shipping-taxable","11":"product-type-simple"},"yoast_head":"<!-- This site is optimized with the Yoast SEO plugin v24.5 - https:\/\/yoast.com\/wordpress\/plugins\/seo\/ -->\n<title>Legenda o jedenastu s\u0142u\u017c\u0105cych - ARTTRAKT<\/title>\n<meta name=\"description\" content=\"Jacek Sroka-grafiki. Legenda o jedenastu s\u0142u\u017c\u0105cych, 2017, akwaforta z akwatint\u0105, 98 x 49,5 cm\" \/>\n<meta name=\"robots\" content=\"index, follow, max-snippet:-1, max-image-preview:large, max-video-preview:-1\" \/>\n<link rel=\"canonical\" href=\"https:\/\/arttrakt.pl\/en\/artysci\/jacek-sroka\/legenda-o-jedenastu-sluzacych\/\" \/>\n<meta property=\"og:locale\" content=\"en_US\" \/>\n<meta property=\"og:type\" content=\"article\" \/>\n<meta property=\"og:title\" content=\"Legenda o jedenastu s\u0142u\u017c\u0105cych - ARTTRAKT\" \/>\n<meta property=\"og:description\" content=\"Jacek Sroka-grafiki. Legenda o jedenastu s\u0142u\u017c\u0105cych, 2017, akwaforta z akwatint\u0105, 98 x 49,5 cm\" \/>\n<meta property=\"og:url\" content=\"https:\/\/arttrakt.pl\/en\/artysci\/jacek-sroka\/legenda-o-jedenastu-sluzacych\/\" \/>\n<meta property=\"og:site_name\" content=\"ARTTRAKT\" \/>\n<meta property=\"article:publisher\" content=\"https:\/\/www.facebook.com\/Arttrakt\" \/>\n<meta property=\"article:modified_time\" content=\"2023-03-19T12:01:58+00:00\" \/>\n<meta property=\"og:image\" content=\"https:\/\/arttrakt.pl\/wp-content\/uploads\/2022\/11\/Jacek-Sroka-legenda-o-jedenastu-sluzacych-akwaforta-akwatinta.jpg\" \/>\n\t<meta property=\"og:image:width\" content=\"1000\" \/>\n\t<meta property=\"og:image:height\" content=\"1000\" \/>\n\t<meta property=\"og:image:type\" content=\"image\/jpeg\" \/>\n<meta name=\"twitter:card\" content=\"summary_large_image\" \/>\n<meta name=\"twitter:label1\" content=\"Est. reading time\" \/>\n\t<meta name=\"twitter:data1\" content=\"1 minute\" \/>\n<script type=\"application\/ld+json\" class=\"yoast-schema-graph\">{\"@context\":\"https:\/\/schema.org\",\"@graph\":[{\"@type\":\"WebPage\",\"@id\":\"https:\/\/arttrakt.pl\/en\/artysci\/jacek-sroka\/legenda-o-jedenastu-sluzacych\/\",\"url\":\"https:\/\/arttrakt.pl\/en\/artysci\/jacek-sroka\/legenda-o-jedenastu-sluzacych\/\",\"name\":\"Legenda o jedenastu s\u0142u\u017c\u0105cych - ARTTRAKT\",\"isPartOf\":{\"@id\":\"https:\/\/arttrakt.pl\/en\/#website\"},\"primaryImageOfPage\":{\"@id\":\"https:\/\/arttrakt.pl\/en\/artysci\/jacek-sroka\/legenda-o-jedenastu-sluzacych\/#primaryimage\"},\"image\":{\"@id\":\"https:\/\/arttrakt.pl\/en\/artysci\/jacek-sroka\/legenda-o-jedenastu-sluzacych\/#primaryimage\"},\"thumbnailUrl\":\"https:\/\/arttrakt.pl\/wp-content\/uploads\/2022\/11\/Jacek-Sroka-legenda-o-jedenastu-sluzacych-akwaforta-akwatinta.jpg\",\"datePublished\":\"2022-11-26T11:01:28+00:00\",\"dateModified\":\"2023-03-19T12:01:58+00:00\",\"description\":\"Jacek Sroka-grafiki. Legenda o jedenastu s\u0142u\u017c\u0105cych, 2017, akwaforta z akwatint\u0105, 98 x 49,5 cm\",\"breadcrumb\":{\"@id\":\"https:\/\/arttrakt.pl\/en\/artysci\/jacek-sroka\/legenda-o-jedenastu-sluzacych\/#breadcrumb\"},\"inLanguage\":\"en-US\",\"potentialAction\":[{\"@type\":\"ReadAction\",\"target\":[\"https:\/\/arttrakt.pl\/en\/artysci\/jacek-sroka\/legenda-o-jedenastu-sluzacych\/\"]}]},{\"@type\":\"ImageObject\",\"inLanguage\":\"en-US\",\"@id\":\"https:\/\/arttrakt.pl\/en\/artysci\/jacek-sroka\/legenda-o-jedenastu-sluzacych\/#primaryimage\",\"url\":\"https:\/\/arttrakt.pl\/wp-content\/uploads\/2022\/11\/Jacek-Sroka-legenda-o-jedenastu-sluzacych-akwaforta-akwatinta.jpg\",\"contentUrl\":\"https:\/\/arttrakt.pl\/wp-content\/uploads\/2022\/11\/Jacek-Sroka-legenda-o-jedenastu-sluzacych-akwaforta-akwatinta.jpg\",\"width\":1000,\"height\":1000,\"caption\":\"Jacek Sroka grafiki\"},{\"@type\":\"BreadcrumbList\",\"@id\":\"https:\/\/arttrakt.pl\/en\/artysci\/jacek-sroka\/legenda-o-jedenastu-sluzacych\/#breadcrumb\",\"itemListElement\":[{\"@type\":\"ListItem\",\"position\":1,\"name\":\"Strona g\u0142\u00f3wna\",\"item\":\"https:\/\/arttrakt.pl\/en\/\"},{\"@type\":\"ListItem\",\"position\":2,\"name\":\"Shop\",\"item\":\"https:\/\/arttrakt.pl\/en\/shop\/\"},{\"@type\":\"ListItem\",\"position\":3,\"name\":\"Legenda o jedenastu s\u0142u\u017c\u0105cych\"}]},{\"@type\":\"WebSite\",\"@id\":\"https:\/\/arttrakt.pl\/en\/#website\",\"url\":\"https:\/\/arttrakt.pl\/en\/\",\"name\":\"ARTTRAKT\",\"description\":\"Galeria sztuki\",\"publisher\":{\"@id\":\"https:\/\/arttrakt.pl\/en\/#organization\"},\"potentialAction\":[{\"@type\":\"SearchAction\",\"target\":{\"@type\":\"EntryPoint\",\"urlTemplate\":\"https:\/\/arttrakt.pl\/en\/?s={search_term_string}\"},\"query-input\":{\"@type\":\"PropertyValueSpecification\",\"valueRequired\":true,\"valueName\":\"search_term_string\"}}],\"inLanguage\":\"en-US\"},{\"@type\":\"Organization\",\"@id\":\"https:\/\/arttrakt.pl\/en\/#organization\",\"name\":\"ARTTRAKT\",\"url\":\"https:\/\/arttrakt.pl\/en\/\",\"logo\":{\"@type\":\"ImageObject\",\"inLanguage\":\"en-US\",\"@id\":\"https:\/\/arttrakt.pl\/en\/#\/schema\/logo\/image\/\",\"url\":\"https:\/\/arttrakt.pl\/wp-content\/uploads\/2022\/03\/logo_arttrakt.svg\",\"contentUrl\":\"https:\/\/arttrakt.pl\/wp-content\/uploads\/2022\/03\/logo_arttrakt.svg\",\"width\":2521,\"height\":1152,\"caption\":\"ARTTRAKT\"},\"image\":{\"@id\":\"https:\/\/arttrakt.pl\/en\/#\/schema\/logo\/image\/\"},\"sameAs\":[\"https:\/\/www.facebook.com\/Arttrakt\",\"https:\/\/www.instagram.com\/galeria_arttrakt\/\"]}]}<\/script>\n<!-- \/ Yoast SEO plugin. -->","yoast_head_json":{"title":"Legenda o jedenastu s\u0142u\u017c\u0105cych - ARTTRAKT","description":"Jacek Sroka-grafiki. Legenda o jedenastu s\u0142u\u017c\u0105cych, 2017, akwaforta z akwatint\u0105, 98 x 49,5 cm","robots":{"index":"index","follow":"follow","max-snippet":"max-snippet:-1","max-image-preview":"max-image-preview:large","max-video-preview":"max-video-preview:-1"},"canonical":"https:\/\/arttrakt.pl\/en\/artysci\/jacek-sroka\/legenda-o-jedenastu-sluzacych\/","og_locale":"en_US","og_type":"article","og_title":"Legenda o jedenastu s\u0142u\u017c\u0105cych - ARTTRAKT","og_description":"Jacek Sroka-grafiki. Legenda o jedenastu s\u0142u\u017c\u0105cych, 2017, akwaforta z akwatint\u0105, 98 x 49,5 cm","og_url":"https:\/\/arttrakt.pl\/en\/artysci\/jacek-sroka\/legenda-o-jedenastu-sluzacych\/","og_site_name":"ARTTRAKT","article_publisher":"https:\/\/www.facebook.com\/Arttrakt","article_modified_time":"2023-03-19T12:01:58+00:00","og_image":[{"width":1000,"height":1000,"url":"https:\/\/arttrakt.pl\/wp-content\/uploads\/2022\/11\/Jacek-Sroka-legenda-o-jedenastu-sluzacych-akwaforta-akwatinta.jpg","type":"image\/jpeg"}],"twitter_card":"summary_large_image","twitter_misc":{"Est. reading time":"1 minute"},"schema":{"@context":"https:\/\/schema.org","@graph":[{"@type":"WebPage","@id":"https:\/\/arttrakt.pl\/en\/artysci\/jacek-sroka\/legenda-o-jedenastu-sluzacych\/","url":"https:\/\/arttrakt.pl\/en\/artysci\/jacek-sroka\/legenda-o-jedenastu-sluzacych\/","name":"Legenda o jedenastu s\u0142u\u017c\u0105cych - ARTTRAKT","isPartOf":{"@id":"https:\/\/arttrakt.pl\/en\/#website"},"primaryImageOfPage":{"@id":"https:\/\/arttrakt.pl\/en\/artysci\/jacek-sroka\/legenda-o-jedenastu-sluzacych\/#primaryimage"},"image":{"@id":"https:\/\/arttrakt.pl\/en\/artysci\/jacek-sroka\/legenda-o-jedenastu-sluzacych\/#primaryimage"},"thumbnailUrl":"https:\/\/arttrakt.pl\/wp-content\/uploads\/2022\/11\/Jacek-Sroka-legenda-o-jedenastu-sluzacych-akwaforta-akwatinta.jpg","datePublished":"2022-11-26T11:01:28+00:00","dateModified":"2023-03-19T12:01:58+00:00","description":"Jacek Sroka-grafiki. Legenda o jedenastu s\u0142u\u017c\u0105cych, 2017, akwaforta z akwatint\u0105, 98 x 49,5 cm","breadcrumb":{"@id":"https:\/\/arttrakt.pl\/en\/artysci\/jacek-sroka\/legenda-o-jedenastu-sluzacych\/#breadcrumb"},"inLanguage":"en-US","potentialAction":[{"@type":"ReadAction","target":["https:\/\/arttrakt.pl\/en\/artysci\/jacek-sroka\/legenda-o-jedenastu-sluzacych\/"]}]},{"@type":"ImageObject","inLanguage":"en-US","@id":"https:\/\/arttrakt.pl\/en\/artysci\/jacek-sroka\/legenda-o-jedenastu-sluzacych\/#primaryimage","url":"https:\/\/arttrakt.pl\/wp-content\/uploads\/2022\/11\/Jacek-Sroka-legenda-o-jedenastu-sluzacych-akwaforta-akwatinta.jpg","contentUrl":"https:\/\/arttrakt.pl\/wp-content\/uploads\/2022\/11\/Jacek-Sroka-legenda-o-jedenastu-sluzacych-akwaforta-akwatinta.jpg","width":1000,"height":1000,"caption":"Jacek Sroka grafiki"},{"@type":"BreadcrumbList","@id":"https:\/\/arttrakt.pl\/en\/artysci\/jacek-sroka\/legenda-o-jedenastu-sluzacych\/#breadcrumb","itemListElement":[{"@type":"ListItem","position":1,"name":"Strona g\u0142\u00f3wna","item":"https:\/\/arttrakt.pl\/en\/"},{"@type":"ListItem","position":2,"name":"Shop","item":"https:\/\/arttrakt.pl\/en\/shop\/"},{"@type":"ListItem","position":3,"name":"Legenda o jedenastu s\u0142u\u017c\u0105cych"}]},{"@type":"WebSite","@id":"https:\/\/arttrakt.pl\/en\/#website","url":"https:\/\/arttrakt.pl\/en\/","name":"ARTTRAKT","description":"Galeria sztuki","publisher":{"@id":"https:\/\/arttrakt.pl\/en\/#organization"},"potentialAction":[{"@type":"SearchAction","target":{"@type":"EntryPoint","urlTemplate":"https:\/\/arttrakt.pl\/en\/?s={search_term_string}"},"query-input":{"@type":"PropertyValueSpecification","valueRequired":true,"valueName":"search_term_string"}}],"inLanguage":"en-US"},{"@type":"Organization","@id":"https:\/\/arttrakt.pl\/en\/#organization","name":"ARTTRAKT","url":"https:\/\/arttrakt.pl\/en\/","logo":{"@type":"ImageObject","inLanguage":"en-US","@id":"https:\/\/arttrakt.pl\/en\/#\/schema\/logo\/image\/","url":"https:\/\/arttrakt.pl\/wp-content\/uploads\/2022\/03\/logo_arttrakt.svg","contentUrl":"https:\/\/arttrakt.pl\/wp-content\/uploads\/2022\/03\/logo_arttrakt.svg","width":2521,"height":1152,"caption":"ARTTRAKT"},"image":{"@id":"https:\/\/arttrakt.pl\/en\/#\/schema\/logo\/image\/"},"sameAs":["https:\/\/www.facebook.com\/Arttrakt","https:\/\/www.instagram.com\/galeria_arttrakt\/"]}]}},"_links":{"self":[{"href":"https:\/\/arttrakt.pl\/en\/wp-json\/wp\/v2\/product\/4423","targetHints":{"allow":["GET"]}}],"collection":[{"href":"https:\/\/arttrakt.pl\/en\/wp-json\/wp\/v2\/product"}],"about":[{"href":"https:\/\/arttrakt.pl\/en\/wp-json\/wp\/v2\/types\/product"}],"replies":[{"embeddable":true,"href":"https:\/\/arttrakt.pl\/en\/wp-json\/wp\/v2\/comments?post=4423"}],"wp:featuredmedia":[{"embeddable":true,"href":"https:\/\/arttrakt.pl\/en\/wp-json\/wp\/v2\/media\/5959"}],"wp:attachment":[{"href":"https:\/\/arttrakt.pl\/en\/wp-json\/wp\/v2\/media?parent=4423"}],"wp:term":[{"taxonomy":"product_brand","embeddable":true,"href":"https:\/\/arttrakt.pl\/en\/wp-json\/wp\/v2\/product_brand?post=4423"},{"taxonomy":"product_cat","embeddable":true,"href":"https:\/\/arttrakt.pl\/en\/wp-json\/wp\/v2\/product_cat?post=4423"},{"taxonomy":"product_tag","embeddable":true,"href":"https:\/\/arttrakt.pl\/en\/wp-json\/wp\/v2\/product_tag?post=4423"}],"curies":[{"name":"wp","href":"https:\/\/api.w.org\/{rel}","templated":true}]}}