{"id":4371,"date":"2022-11-24T16:01:01","date_gmt":"2022-11-24T15:01:01","guid":{"rendered":"https:\/\/arttrakt.pl\/?post_type=product&#038;p=4371"},"modified":"2023-01-30T21:18:40","modified_gmt":"2023-01-30T20:18:40","slug":"lost-soul","status":"publish","type":"product","link":"https:\/\/arttrakt.pl\/en\/artysci\/malgorzata-kosiec\/lost-soul\/","title":{"rendered":"MA\u0141GORZATA KOSIEC &#8211; LOST SOUL"},"content":{"rendered":"<h1>OPIS<\/h1>\n<p>Ma\u0142gorzata Kosiec Lost Soul \u2013 obraz prezentowany na wystawie <a href=\"https:\/\/arttrakt.pl\/wystawa-t-koclega-i-m-kosiec\/\">\u201eUk\u0142ady binarne\u201d<\/a> w galerii Arttrakt.<\/p>\n<h3>Ma\u0142gorzata Kosiec, Lost Soul jako\u00a0 PORTRET TYPOGRAFICZNY<\/h3>\n<p>Obraz Ma\u0142gorzaty Kosiec\u00a0 Lost Soul nale\u017cy do cyklu typograficznych portret\u00f3w kobiet, kt\u00f3rych g\u0142\u0119bia uchwycona zosta\u0142a na dwuwymiarowej p\u0142aszczy\u017anie p\u0142\u00f3tna. Swoje obrazy Ma\u0142gorzata Kosiec tworzy swoj\u0105 autorsk\u0105 technik\u0105 wylepiania i zamalowywania kolejnych warstw malarskich. Dzi\u0119ki temu tworzy wielowymiarowe przestrzenie, wizualne triki, kt\u00f3re myl\u0105 oko odbiorcy. Artystka buduje wizerunek z warstw liter, s\u0142\u00f3w i symboli<br \/>\n&#8220;Staram si\u0119, by portrety malowane przeze mnie mia\u0142y jak najmniej cech osobowych \u2013 a wr\u0119cz nie wskazywa\u0142y na p\u0142e\u0107. To co\u015b zbli\u017conego do koncepcji idea\u0142u w antycznej sztuce greckiej.&#8221;<\/p>\n<h3>JEDNOSTKA KONTRA MEDIALNA RZECZYWISTO\u015a\u0106<\/h3>\n<p>W obrazach Ma\u0142gorzaty Kosiec jednostka jest przeciwstawiona wielo\u015bci informacji czy wizualnych komunikat\u00f3w, kt\u00f3rymi przepe\u0142niona jest wsp\u00f3\u0142czesna rzeczywisto\u015b\u0107. Podsumowuj\u0105c jest to portret wsp\u00f3\u0142czesnego cz\u0142owieka w \u015bwiecie medi\u00f3w, nadmiaru informacji, s\u0142\u00f3w, znak\u00f3w. Mimo, \u017ce artystce bliska jest idea uniwersalizacji wizerunku cz\u0142owieka to jej portrety nale\u017cy w pewnym sensie czyta\u0107 r\u00f3wnie\u017c przez pryzmat to\u017csamo\u015bci p\u0142ciowej. Jak ju\u017c wspomniano, Ma\u0142gorzata Kosiec si\u0119ga w swojej tw\u00f3rczo\u015bci do tradycji, jednak dzi\u0119ki wypracowanym przez siebie zabiegom technologicznym mi\u0119dzy innymi u\u017cyciu znak\u00f3w typograficznych, zyskuje w swoich pracach aktualny wyd\u017awi\u0119k. W rezultacie, mimo uniwersalizacji przekazu m\u00f3wi j\u0119zykiem swoich czas\u00f3w.<\/p>\n<h3>TECHNIKA<\/h3>\n<p>Szczeg\u00f3ln\u0105 uwag\u0119 w malarstwie Kosiec zwraca oryginalna technika i doskona\u0142y warsztat. Autorka nawi\u0105zuje do tradycji starych mistrz\u00f3w, maluj\u0105c metod\u0105 laserunkow\u0105, z wielk\u0105 dba\u0142o\u015bci\u0105 o szczeg\u00f3\u0142 i detal w wyniku czego uzyskuje niejednoznaczny, wielowarstwowy efekt. Ma\u0142gorzata Kosiec u\u017cywa folii, ta\u015bm maskuj\u0105cych i \u017celi, a gdy je na ko\u0144cu zrywa ods\u0142ania negatywowy obraz malunku.<\/p>\n<p>&nbsp;<\/p>\n","protected":false},"excerpt":{"rendered":"<p>2021, olej na p\u0142\u00f3tnie, 70 x 50 cm<\/p>\n","protected":false},"featured_media":4852,"comment_status":"closed","ping_status":"closed","template":"","meta":{"_et_pb_use_builder":"","_et_pb_old_content":"","_et_gb_content_width":"","inline_featured_image":false},"product_brand":[],"product_cat":[427],"product_tag":[],"class_list":{"0":"post-4371","1":"product","2":"type-product","3":"status-publish","4":"has-post-thumbnail","6":"product_cat-malgorzata-kosiec","8":"first","9":"instock","10":"shipping-taxable","11":"product-type-simple"},"yoast_head":"<!-- This site is optimized with the Yoast SEO plugin v24.5 - https:\/\/yoast.com\/wordpress\/plugins\/seo\/ -->\n<title>MA\u0141GORZATA KOSIEC - LOST SOUL - ARTTRAKT<\/title>\n<meta name=\"description\" content=\"Ma\u0142gorzata Kosiec, LOST SOUL, 2021, olej na p\u0142\u00f3tnie, 70 x 50 cm. Portret typograficzny , kt\u00f3ry charakteryzuje wielowarstwowo\u015b\u0107, g\u0142\u0119bia, autorska technika.\" \/>\n<meta name=\"robots\" content=\"index, follow, max-snippet:-1, max-image-preview:large, max-video-preview:-1\" \/>\n<link rel=\"canonical\" href=\"https:\/\/arttrakt.pl\/en\/artysci\/malgorzata-kosiec\/lost-soul\/\" \/>\n<meta property=\"og:locale\" content=\"en_US\" \/>\n<meta property=\"og:type\" content=\"article\" \/>\n<meta property=\"og:title\" content=\"MA\u0141GORZATA KOSIEC - LOST SOUL - ARTTRAKT\" \/>\n<meta property=\"og:description\" content=\"Ma\u0142gorzata Kosiec, LOST SOUL, 2021, olej na p\u0142\u00f3tnie, 70 x 50 cm. Portret typograficzny , kt\u00f3ry charakteryzuje wielowarstwowo\u015b\u0107, g\u0142\u0119bia, autorska technika.\" \/>\n<meta property=\"og:url\" content=\"https:\/\/arttrakt.pl\/en\/artysci\/malgorzata-kosiec\/lost-soul\/\" \/>\n<meta property=\"og:site_name\" content=\"ARTTRAKT\" \/>\n<meta property=\"article:publisher\" content=\"https:\/\/www.facebook.com\/Arttrakt\" \/>\n<meta property=\"article:modified_time\" content=\"2023-01-30T20:18:40+00:00\" \/>\n<meta property=\"og:image\" content=\"https:\/\/arttrakt.pl\/wp-content\/uploads\/2022\/11\/Malgorzata-Kosiec_Lost_Soul_Arttrakt.jpg\" \/>\n\t<meta property=\"og:image:width\" content=\"1000\" \/>\n\t<meta property=\"og:image:height\" content=\"1000\" \/>\n\t<meta property=\"og:image:type\" content=\"image\/jpeg\" \/>\n<meta name=\"twitter:card\" content=\"summary_large_image\" \/>\n<meta name=\"twitter:label1\" content=\"Est. reading time\" \/>\n\t<meta name=\"twitter:data1\" content=\"2 minutes\" \/>\n<script type=\"application\/ld+json\" class=\"yoast-schema-graph\">{\"@context\":\"https:\/\/schema.org\",\"@graph\":[{\"@type\":\"WebPage\",\"@id\":\"https:\/\/arttrakt.pl\/en\/artysci\/malgorzata-kosiec\/lost-soul\/\",\"url\":\"https:\/\/arttrakt.pl\/en\/artysci\/malgorzata-kosiec\/lost-soul\/\",\"name\":\"MA\u0141GORZATA KOSIEC - LOST SOUL - ARTTRAKT\",\"isPartOf\":{\"@id\":\"https:\/\/arttrakt.pl\/en\/#website\"},\"primaryImageOfPage\":{\"@id\":\"https:\/\/arttrakt.pl\/en\/artysci\/malgorzata-kosiec\/lost-soul\/#primaryimage\"},\"image\":{\"@id\":\"https:\/\/arttrakt.pl\/en\/artysci\/malgorzata-kosiec\/lost-soul\/#primaryimage\"},\"thumbnailUrl\":\"https:\/\/arttrakt.pl\/wp-content\/uploads\/2022\/11\/Malgorzata-Kosiec_Lost_Soul_Arttrakt.jpg\",\"datePublished\":\"2022-11-24T15:01:01+00:00\",\"dateModified\":\"2023-01-30T20:18:40+00:00\",\"description\":\"Ma\u0142gorzata Kosiec, LOST SOUL, 2021, olej na p\u0142\u00f3tnie, 70 x 50 cm. Portret typograficzny , kt\u00f3ry charakteryzuje wielowarstwowo\u015b\u0107, g\u0142\u0119bia, autorska technika.\",\"breadcrumb\":{\"@id\":\"https:\/\/arttrakt.pl\/en\/artysci\/malgorzata-kosiec\/lost-soul\/#breadcrumb\"},\"inLanguage\":\"en-US\",\"potentialAction\":[{\"@type\":\"ReadAction\",\"target\":[\"https:\/\/arttrakt.pl\/en\/artysci\/malgorzata-kosiec\/lost-soul\/\"]}]},{\"@type\":\"ImageObject\",\"inLanguage\":\"en-US\",\"@id\":\"https:\/\/arttrakt.pl\/en\/artysci\/malgorzata-kosiec\/lost-soul\/#primaryimage\",\"url\":\"https:\/\/arttrakt.pl\/wp-content\/uploads\/2022\/11\/Malgorzata-Kosiec_Lost_Soul_Arttrakt.jpg\",\"contentUrl\":\"https:\/\/arttrakt.pl\/wp-content\/uploads\/2022\/11\/Malgorzata-Kosiec_Lost_Soul_Arttrakt.jpg\",\"width\":1000,\"height\":1000,\"caption\":\"Ma\u0142gorzata Kosiec, Lost Soul, olej na p\u0142\u00f3tnie, 70x50cm\"},{\"@type\":\"BreadcrumbList\",\"@id\":\"https:\/\/arttrakt.pl\/en\/artysci\/malgorzata-kosiec\/lost-soul\/#breadcrumb\",\"itemListElement\":[{\"@type\":\"ListItem\",\"position\":1,\"name\":\"Strona g\u0142\u00f3wna\",\"item\":\"https:\/\/arttrakt.pl\/en\/\"},{\"@type\":\"ListItem\",\"position\":2,\"name\":\"Shop\",\"item\":\"https:\/\/arttrakt.pl\/en\/shop\/\"},{\"@type\":\"ListItem\",\"position\":3,\"name\":\"MA\u0141GORZATA KOSIEC &#8211; LOST SOUL\"}]},{\"@type\":\"WebSite\",\"@id\":\"https:\/\/arttrakt.pl\/en\/#website\",\"url\":\"https:\/\/arttrakt.pl\/en\/\",\"name\":\"ARTTRAKT\",\"description\":\"Galeria sztuki\",\"publisher\":{\"@id\":\"https:\/\/arttrakt.pl\/en\/#organization\"},\"potentialAction\":[{\"@type\":\"SearchAction\",\"target\":{\"@type\":\"EntryPoint\",\"urlTemplate\":\"https:\/\/arttrakt.pl\/en\/?s={search_term_string}\"},\"query-input\":{\"@type\":\"PropertyValueSpecification\",\"valueRequired\":true,\"valueName\":\"search_term_string\"}}],\"inLanguage\":\"en-US\"},{\"@type\":\"Organization\",\"@id\":\"https:\/\/arttrakt.pl\/en\/#organization\",\"name\":\"ARTTRAKT\",\"url\":\"https:\/\/arttrakt.pl\/en\/\",\"logo\":{\"@type\":\"ImageObject\",\"inLanguage\":\"en-US\",\"@id\":\"https:\/\/arttrakt.pl\/en\/#\/schema\/logo\/image\/\",\"url\":\"https:\/\/arttrakt.pl\/wp-content\/uploads\/2022\/03\/logo_arttrakt.svg\",\"contentUrl\":\"https:\/\/arttrakt.pl\/wp-content\/uploads\/2022\/03\/logo_arttrakt.svg\",\"width\":2521,\"height\":1152,\"caption\":\"ARTTRAKT\"},\"image\":{\"@id\":\"https:\/\/arttrakt.pl\/en\/#\/schema\/logo\/image\/\"},\"sameAs\":[\"https:\/\/www.facebook.com\/Arttrakt\",\"https:\/\/www.instagram.com\/galeria_arttrakt\/\"]}]}<\/script>\n<!-- \/ Yoast SEO plugin. -->","yoast_head_json":{"title":"MA\u0141GORZATA KOSIEC - LOST SOUL - ARTTRAKT","description":"Ma\u0142gorzata Kosiec, LOST SOUL, 2021, olej na p\u0142\u00f3tnie, 70 x 50 cm. Portret typograficzny , kt\u00f3ry charakteryzuje wielowarstwowo\u015b\u0107, g\u0142\u0119bia, autorska technika.","robots":{"index":"index","follow":"follow","max-snippet":"max-snippet:-1","max-image-preview":"max-image-preview:large","max-video-preview":"max-video-preview:-1"},"canonical":"https:\/\/arttrakt.pl\/en\/artysci\/malgorzata-kosiec\/lost-soul\/","og_locale":"en_US","og_type":"article","og_title":"MA\u0141GORZATA KOSIEC - LOST SOUL - ARTTRAKT","og_description":"Ma\u0142gorzata Kosiec, LOST SOUL, 2021, olej na p\u0142\u00f3tnie, 70 x 50 cm. Portret typograficzny , kt\u00f3ry charakteryzuje wielowarstwowo\u015b\u0107, g\u0142\u0119bia, autorska technika.","og_url":"https:\/\/arttrakt.pl\/en\/artysci\/malgorzata-kosiec\/lost-soul\/","og_site_name":"ARTTRAKT","article_publisher":"https:\/\/www.facebook.com\/Arttrakt","article_modified_time":"2023-01-30T20:18:40+00:00","og_image":[{"width":1000,"height":1000,"url":"https:\/\/arttrakt.pl\/wp-content\/uploads\/2022\/11\/Malgorzata-Kosiec_Lost_Soul_Arttrakt.jpg","type":"image\/jpeg"}],"twitter_card":"summary_large_image","twitter_misc":{"Est. reading time":"2 minutes"},"schema":{"@context":"https:\/\/schema.org","@graph":[{"@type":"WebPage","@id":"https:\/\/arttrakt.pl\/en\/artysci\/malgorzata-kosiec\/lost-soul\/","url":"https:\/\/arttrakt.pl\/en\/artysci\/malgorzata-kosiec\/lost-soul\/","name":"MA\u0141GORZATA KOSIEC - LOST SOUL - ARTTRAKT","isPartOf":{"@id":"https:\/\/arttrakt.pl\/en\/#website"},"primaryImageOfPage":{"@id":"https:\/\/arttrakt.pl\/en\/artysci\/malgorzata-kosiec\/lost-soul\/#primaryimage"},"image":{"@id":"https:\/\/arttrakt.pl\/en\/artysci\/malgorzata-kosiec\/lost-soul\/#primaryimage"},"thumbnailUrl":"https:\/\/arttrakt.pl\/wp-content\/uploads\/2022\/11\/Malgorzata-Kosiec_Lost_Soul_Arttrakt.jpg","datePublished":"2022-11-24T15:01:01+00:00","dateModified":"2023-01-30T20:18:40+00:00","description":"Ma\u0142gorzata Kosiec, LOST SOUL, 2021, olej na p\u0142\u00f3tnie, 70 x 50 cm. Portret typograficzny , kt\u00f3ry charakteryzuje wielowarstwowo\u015b\u0107, g\u0142\u0119bia, autorska technika.","breadcrumb":{"@id":"https:\/\/arttrakt.pl\/en\/artysci\/malgorzata-kosiec\/lost-soul\/#breadcrumb"},"inLanguage":"en-US","potentialAction":[{"@type":"ReadAction","target":["https:\/\/arttrakt.pl\/en\/artysci\/malgorzata-kosiec\/lost-soul\/"]}]},{"@type":"ImageObject","inLanguage":"en-US","@id":"https:\/\/arttrakt.pl\/en\/artysci\/malgorzata-kosiec\/lost-soul\/#primaryimage","url":"https:\/\/arttrakt.pl\/wp-content\/uploads\/2022\/11\/Malgorzata-Kosiec_Lost_Soul_Arttrakt.jpg","contentUrl":"https:\/\/arttrakt.pl\/wp-content\/uploads\/2022\/11\/Malgorzata-Kosiec_Lost_Soul_Arttrakt.jpg","width":1000,"height":1000,"caption":"Ma\u0142gorzata Kosiec, Lost Soul, olej na p\u0142\u00f3tnie, 70x50cm"},{"@type":"BreadcrumbList","@id":"https:\/\/arttrakt.pl\/en\/artysci\/malgorzata-kosiec\/lost-soul\/#breadcrumb","itemListElement":[{"@type":"ListItem","position":1,"name":"Strona g\u0142\u00f3wna","item":"https:\/\/arttrakt.pl\/en\/"},{"@type":"ListItem","position":2,"name":"Shop","item":"https:\/\/arttrakt.pl\/en\/shop\/"},{"@type":"ListItem","position":3,"name":"MA\u0141GORZATA KOSIEC &#8211; LOST SOUL"}]},{"@type":"WebSite","@id":"https:\/\/arttrakt.pl\/en\/#website","url":"https:\/\/arttrakt.pl\/en\/","name":"ARTTRAKT","description":"Galeria sztuki","publisher":{"@id":"https:\/\/arttrakt.pl\/en\/#organization"},"potentialAction":[{"@type":"SearchAction","target":{"@type":"EntryPoint","urlTemplate":"https:\/\/arttrakt.pl\/en\/?s={search_term_string}"},"query-input":{"@type":"PropertyValueSpecification","valueRequired":true,"valueName":"search_term_string"}}],"inLanguage":"en-US"},{"@type":"Organization","@id":"https:\/\/arttrakt.pl\/en\/#organization","name":"ARTTRAKT","url":"https:\/\/arttrakt.pl\/en\/","logo":{"@type":"ImageObject","inLanguage":"en-US","@id":"https:\/\/arttrakt.pl\/en\/#\/schema\/logo\/image\/","url":"https:\/\/arttrakt.pl\/wp-content\/uploads\/2022\/03\/logo_arttrakt.svg","contentUrl":"https:\/\/arttrakt.pl\/wp-content\/uploads\/2022\/03\/logo_arttrakt.svg","width":2521,"height":1152,"caption":"ARTTRAKT"},"image":{"@id":"https:\/\/arttrakt.pl\/en\/#\/schema\/logo\/image\/"},"sameAs":["https:\/\/www.facebook.com\/Arttrakt","https:\/\/www.instagram.com\/galeria_arttrakt\/"]}]}},"_links":{"self":[{"href":"https:\/\/arttrakt.pl\/en\/wp-json\/wp\/v2\/product\/4371","targetHints":{"allow":["GET"]}}],"collection":[{"href":"https:\/\/arttrakt.pl\/en\/wp-json\/wp\/v2\/product"}],"about":[{"href":"https:\/\/arttrakt.pl\/en\/wp-json\/wp\/v2\/types\/product"}],"replies":[{"embeddable":true,"href":"https:\/\/arttrakt.pl\/en\/wp-json\/wp\/v2\/comments?post=4371"}],"wp:featuredmedia":[{"embeddable":true,"href":"https:\/\/arttrakt.pl\/en\/wp-json\/wp\/v2\/media\/4852"}],"wp:attachment":[{"href":"https:\/\/arttrakt.pl\/en\/wp-json\/wp\/v2\/media?parent=4371"}],"wp:term":[{"taxonomy":"product_brand","embeddable":true,"href":"https:\/\/arttrakt.pl\/en\/wp-json\/wp\/v2\/product_brand?post=4371"},{"taxonomy":"product_cat","embeddable":true,"href":"https:\/\/arttrakt.pl\/en\/wp-json\/wp\/v2\/product_cat?post=4371"},{"taxonomy":"product_tag","embeddable":true,"href":"https:\/\/arttrakt.pl\/en\/wp-json\/wp\/v2\/product_tag?post=4371"}],"curies":[{"name":"wp","href":"https:\/\/api.w.org\/{rel}","templated":true}]}}