{"id":3298,"date":"2022-07-12T15:45:43","date_gmt":"2022-07-12T13:45:43","guid":{"rendered":"http:\/\/arttrakt.pl\/?post_type=product&#038;p=3298"},"modified":"2023-01-19T21:18:21","modified_gmt":"2023-01-19T20:18:21","slug":"bez-tytulu-24","status":"publish","type":"product","link":"https:\/\/arttrakt.pl\/en\/artysci\/ivo-nikic\/bez-tytulu-24\/","title":{"rendered":"Ivo Niki\u0107 &#8211; Bez tytu\u0142u"},"content":{"rendered":"<div class=\"row align-items-baseline\">\n<div class=\"col-10\">\n<p class=\"headings--h2 artwork__header\"><span class=\"artist-name\">Ivo NIKI\u0106 &#8211; obraz\u00a0<\/span> <span style=\"color: #333333; font-size: 18px;\">Bez tytu\u0142u, 2017, <\/span>akryl, p\u0142\u00f3tno; 100 x 80 cm.<\/p>\n<\/div>\n<\/div>\n<p>sygn., dat. i opisany na odwrocie: IVO NIKI\u0106 \/ \u201eBEZ TYTU\u0141U\u201d \/ 2017.<\/p>\n<p>\u201e<\/p>\n<p>Malarstwo Ivo Nikicia pozosta\u0142o generatorem figuratywnych skojarze\u0144, prowokowanych bez przedstawienia czegokolwiek, co mo\u017cna by jednoznacznie nazwa. Nieokre\u015blone formy \u017cycia? Wewn\u0119trzne i zewn\u0119trzne anatomie? Fantastyczne minera\u0142y? Martwe natury? Twarze? Wchodz\u0105c w malarstwo Iva wbrew pozorom jeste\u015bmy daleko od obszar\u00f3w abstrakcji. Przeciwnie, ka\u017cdy obraz ma sw\u00f3j przedmiot, kt\u00f3ry zdaje si\u0119 znajdowa\u0107 ledwie o krok od rzeczywisto\u015bci. Malarz tego kroku nie wykonuje; je\u017celi kto\u015b pragnie jednoznacznych odczyta\u0144 musi zrobi\u0107 go sam. Lepiej jednak tego nie czyni; malarskie uniwersum Ivo Nikicia jest najciekawsze jako rzeczywisto\u015b\u0107 r\u00f3wnoleg\u0142a, w kt\u00f3rej to, co realne odbija si\u0119 echem i uzyskuje nowe, mo\u017cliwe tylko tu wizualne brzmienie. Formy w\u0119druj\u0105 z obrazu na obraz, obsadzane przez malarza w nowych wizualnych inwencjach, budowanych z erotycznych aluzji, kosmicznych sugestii, fantom\u00f3w pejza\u017cy, fenomen\u00f3w alternatywnej flory i fauny.\u201d<br \/>\n(Stach Szab\u0142owski, tekst do wystawy Cyklodrony, Galeria Nanazenit, Warszawa)<\/p>\n","protected":false},"excerpt":{"rendered":"<p>Bez tytu\u0142u, akryl na p\u0142\u00f3tnie, 100 x 80 cm,\u00a0 2017<\/p>\n","protected":false},"featured_media":5276,"comment_status":"closed","ping_status":"closed","template":"","meta":{"_et_pb_use_builder":"off","_et_pb_old_content":"","_et_gb_content_width":"","inline_featured_image":false},"product_brand":[],"product_cat":[461],"product_tag":[],"class_list":{"0":"post-3298","1":"product","2":"type-product","3":"status-publish","4":"has-post-thumbnail","6":"product_cat-ivo-nikic","8":"first","9":"instock","10":"shipping-taxable","11":"product-type-simple"},"yoast_head":"<!-- This site is optimized with the Yoast SEO plugin v24.5 - https:\/\/yoast.com\/wordpress\/plugins\/seo\/ -->\n<title>Ivo Niki\u0107 - Bez tytu\u0142u - ARTTRAKT<\/title>\n<meta name=\"description\" content=\"Ivo Niki\u0107 - obraz abstrakcyjny. Akryl na p\u0142\u00f3tnie, 100x80cm 2017. Zobacz pozosta\u0142e prace artysty w ofercie galerii Arttrakt\" \/>\n<meta name=\"robots\" content=\"index, follow, max-snippet:-1, max-image-preview:large, max-video-preview:-1\" \/>\n<link rel=\"canonical\" href=\"https:\/\/arttrakt.pl\/en\/artysci\/ivo-nikic\/bez-tytulu-24\/\" \/>\n<meta property=\"og:locale\" content=\"en_US\" \/>\n<meta property=\"og:type\" content=\"article\" \/>\n<meta property=\"og:title\" content=\"Ivo Niki\u0107 - Bez tytu\u0142u - ARTTRAKT\" \/>\n<meta property=\"og:description\" content=\"Ivo Niki\u0107 - obraz abstrakcyjny. Akryl na p\u0142\u00f3tnie, 100x80cm 2017. Zobacz pozosta\u0142e prace artysty w ofercie galerii Arttrakt\" \/>\n<meta property=\"og:url\" content=\"https:\/\/arttrakt.pl\/en\/artysci\/ivo-nikic\/bez-tytulu-24\/\" \/>\n<meta property=\"og:site_name\" content=\"ARTTRAKT\" \/>\n<meta property=\"article:publisher\" content=\"https:\/\/www.facebook.com\/Arttrakt\" \/>\n<meta property=\"article:modified_time\" content=\"2023-01-19T20:18:21+00:00\" \/>\n<meta property=\"og:image\" content=\"https:\/\/arttrakt.pl\/wp-content\/uploads\/2022\/07\/Ivo_Nikic_obraz.jpg\" \/>\n\t<meta property=\"og:image:width\" content=\"1000\" \/>\n\t<meta property=\"og:image:height\" content=\"1000\" \/>\n\t<meta property=\"og:image:type\" content=\"image\/jpeg\" \/>\n<meta name=\"twitter:card\" content=\"summary_large_image\" \/>\n<meta name=\"twitter:label1\" content=\"Est. reading time\" \/>\n\t<meta name=\"twitter:data1\" content=\"1 minute\" \/>\n<script type=\"application\/ld+json\" class=\"yoast-schema-graph\">{\"@context\":\"https:\/\/schema.org\",\"@graph\":[{\"@type\":\"WebPage\",\"@id\":\"https:\/\/arttrakt.pl\/en\/artysci\/ivo-nikic\/bez-tytulu-24\/\",\"url\":\"https:\/\/arttrakt.pl\/en\/artysci\/ivo-nikic\/bez-tytulu-24\/\",\"name\":\"Ivo Niki\u0107 - Bez tytu\u0142u - ARTTRAKT\",\"isPartOf\":{\"@id\":\"https:\/\/arttrakt.pl\/en\/#website\"},\"primaryImageOfPage\":{\"@id\":\"https:\/\/arttrakt.pl\/en\/artysci\/ivo-nikic\/bez-tytulu-24\/#primaryimage\"},\"image\":{\"@id\":\"https:\/\/arttrakt.pl\/en\/artysci\/ivo-nikic\/bez-tytulu-24\/#primaryimage\"},\"thumbnailUrl\":\"https:\/\/arttrakt.pl\/wp-content\/uploads\/2022\/07\/Ivo_Nikic_obraz.jpg\",\"datePublished\":\"2022-07-12T13:45:43+00:00\",\"dateModified\":\"2023-01-19T20:18:21+00:00\",\"description\":\"Ivo Niki\u0107 - obraz abstrakcyjny. Akryl na p\u0142\u00f3tnie, 100x80cm 2017. Zobacz pozosta\u0142e prace artysty w ofercie galerii Arttrakt\",\"breadcrumb\":{\"@id\":\"https:\/\/arttrakt.pl\/en\/artysci\/ivo-nikic\/bez-tytulu-24\/#breadcrumb\"},\"inLanguage\":\"en-US\",\"potentialAction\":[{\"@type\":\"ReadAction\",\"target\":[\"https:\/\/arttrakt.pl\/en\/artysci\/ivo-nikic\/bez-tytulu-24\/\"]}]},{\"@type\":\"ImageObject\",\"inLanguage\":\"en-US\",\"@id\":\"https:\/\/arttrakt.pl\/en\/artysci\/ivo-nikic\/bez-tytulu-24\/#primaryimage\",\"url\":\"https:\/\/arttrakt.pl\/wp-content\/uploads\/2022\/07\/Ivo_Nikic_obraz.jpg\",\"contentUrl\":\"https:\/\/arttrakt.pl\/wp-content\/uploads\/2022\/07\/Ivo_Nikic_obraz.jpg\",\"width\":1000,\"height\":1000,\"caption\":\"Ivo Niki\u0107 obraz\"},{\"@type\":\"BreadcrumbList\",\"@id\":\"https:\/\/arttrakt.pl\/en\/artysci\/ivo-nikic\/bez-tytulu-24\/#breadcrumb\",\"itemListElement\":[{\"@type\":\"ListItem\",\"position\":1,\"name\":\"Strona g\u0142\u00f3wna\",\"item\":\"https:\/\/arttrakt.pl\/en\/\"},{\"@type\":\"ListItem\",\"position\":2,\"name\":\"Shop\",\"item\":\"https:\/\/arttrakt.pl\/en\/shop\/\"},{\"@type\":\"ListItem\",\"position\":3,\"name\":\"Ivo Niki\u0107 &#8211; Bez tytu\u0142u\"}]},{\"@type\":\"WebSite\",\"@id\":\"https:\/\/arttrakt.pl\/en\/#website\",\"url\":\"https:\/\/arttrakt.pl\/en\/\",\"name\":\"ARTTRAKT\",\"description\":\"Galeria sztuki\",\"publisher\":{\"@id\":\"https:\/\/arttrakt.pl\/en\/#organization\"},\"potentialAction\":[{\"@type\":\"SearchAction\",\"target\":{\"@type\":\"EntryPoint\",\"urlTemplate\":\"https:\/\/arttrakt.pl\/en\/?s={search_term_string}\"},\"query-input\":{\"@type\":\"PropertyValueSpecification\",\"valueRequired\":true,\"valueName\":\"search_term_string\"}}],\"inLanguage\":\"en-US\"},{\"@type\":\"Organization\",\"@id\":\"https:\/\/arttrakt.pl\/en\/#organization\",\"name\":\"ARTTRAKT\",\"url\":\"https:\/\/arttrakt.pl\/en\/\",\"logo\":{\"@type\":\"ImageObject\",\"inLanguage\":\"en-US\",\"@id\":\"https:\/\/arttrakt.pl\/en\/#\/schema\/logo\/image\/\",\"url\":\"https:\/\/arttrakt.pl\/wp-content\/uploads\/2022\/03\/logo_arttrakt.svg\",\"contentUrl\":\"https:\/\/arttrakt.pl\/wp-content\/uploads\/2022\/03\/logo_arttrakt.svg\",\"width\":2521,\"height\":1152,\"caption\":\"ARTTRAKT\"},\"image\":{\"@id\":\"https:\/\/arttrakt.pl\/en\/#\/schema\/logo\/image\/\"},\"sameAs\":[\"https:\/\/www.facebook.com\/Arttrakt\",\"https:\/\/www.instagram.com\/galeria_arttrakt\/\"]}]}<\/script>\n<!-- \/ Yoast SEO plugin. -->","yoast_head_json":{"title":"Ivo Niki\u0107 - Bez tytu\u0142u - ARTTRAKT","description":"Ivo Niki\u0107 - obraz abstrakcyjny. Akryl na p\u0142\u00f3tnie, 100x80cm 2017. Zobacz pozosta\u0142e prace artysty w ofercie galerii Arttrakt","robots":{"index":"index","follow":"follow","max-snippet":"max-snippet:-1","max-image-preview":"max-image-preview:large","max-video-preview":"max-video-preview:-1"},"canonical":"https:\/\/arttrakt.pl\/en\/artysci\/ivo-nikic\/bez-tytulu-24\/","og_locale":"en_US","og_type":"article","og_title":"Ivo Niki\u0107 - Bez tytu\u0142u - ARTTRAKT","og_description":"Ivo Niki\u0107 - obraz abstrakcyjny. Akryl na p\u0142\u00f3tnie, 100x80cm 2017. Zobacz pozosta\u0142e prace artysty w ofercie galerii Arttrakt","og_url":"https:\/\/arttrakt.pl\/en\/artysci\/ivo-nikic\/bez-tytulu-24\/","og_site_name":"ARTTRAKT","article_publisher":"https:\/\/www.facebook.com\/Arttrakt","article_modified_time":"2023-01-19T20:18:21+00:00","og_image":[{"width":1000,"height":1000,"url":"https:\/\/arttrakt.pl\/wp-content\/uploads\/2022\/07\/Ivo_Nikic_obraz.jpg","type":"image\/jpeg"}],"twitter_card":"summary_large_image","twitter_misc":{"Est. reading time":"1 minute"},"schema":{"@context":"https:\/\/schema.org","@graph":[{"@type":"WebPage","@id":"https:\/\/arttrakt.pl\/en\/artysci\/ivo-nikic\/bez-tytulu-24\/","url":"https:\/\/arttrakt.pl\/en\/artysci\/ivo-nikic\/bez-tytulu-24\/","name":"Ivo Niki\u0107 - Bez tytu\u0142u - ARTTRAKT","isPartOf":{"@id":"https:\/\/arttrakt.pl\/en\/#website"},"primaryImageOfPage":{"@id":"https:\/\/arttrakt.pl\/en\/artysci\/ivo-nikic\/bez-tytulu-24\/#primaryimage"},"image":{"@id":"https:\/\/arttrakt.pl\/en\/artysci\/ivo-nikic\/bez-tytulu-24\/#primaryimage"},"thumbnailUrl":"https:\/\/arttrakt.pl\/wp-content\/uploads\/2022\/07\/Ivo_Nikic_obraz.jpg","datePublished":"2022-07-12T13:45:43+00:00","dateModified":"2023-01-19T20:18:21+00:00","description":"Ivo Niki\u0107 - obraz abstrakcyjny. Akryl na p\u0142\u00f3tnie, 100x80cm 2017. Zobacz pozosta\u0142e prace artysty w ofercie galerii Arttrakt","breadcrumb":{"@id":"https:\/\/arttrakt.pl\/en\/artysci\/ivo-nikic\/bez-tytulu-24\/#breadcrumb"},"inLanguage":"en-US","potentialAction":[{"@type":"ReadAction","target":["https:\/\/arttrakt.pl\/en\/artysci\/ivo-nikic\/bez-tytulu-24\/"]}]},{"@type":"ImageObject","inLanguage":"en-US","@id":"https:\/\/arttrakt.pl\/en\/artysci\/ivo-nikic\/bez-tytulu-24\/#primaryimage","url":"https:\/\/arttrakt.pl\/wp-content\/uploads\/2022\/07\/Ivo_Nikic_obraz.jpg","contentUrl":"https:\/\/arttrakt.pl\/wp-content\/uploads\/2022\/07\/Ivo_Nikic_obraz.jpg","width":1000,"height":1000,"caption":"Ivo Niki\u0107 obraz"},{"@type":"BreadcrumbList","@id":"https:\/\/arttrakt.pl\/en\/artysci\/ivo-nikic\/bez-tytulu-24\/#breadcrumb","itemListElement":[{"@type":"ListItem","position":1,"name":"Strona g\u0142\u00f3wna","item":"https:\/\/arttrakt.pl\/en\/"},{"@type":"ListItem","position":2,"name":"Shop","item":"https:\/\/arttrakt.pl\/en\/shop\/"},{"@type":"ListItem","position":3,"name":"Ivo Niki\u0107 &#8211; Bez tytu\u0142u"}]},{"@type":"WebSite","@id":"https:\/\/arttrakt.pl\/en\/#website","url":"https:\/\/arttrakt.pl\/en\/","name":"ARTTRAKT","description":"Galeria sztuki","publisher":{"@id":"https:\/\/arttrakt.pl\/en\/#organization"},"potentialAction":[{"@type":"SearchAction","target":{"@type":"EntryPoint","urlTemplate":"https:\/\/arttrakt.pl\/en\/?s={search_term_string}"},"query-input":{"@type":"PropertyValueSpecification","valueRequired":true,"valueName":"search_term_string"}}],"inLanguage":"en-US"},{"@type":"Organization","@id":"https:\/\/arttrakt.pl\/en\/#organization","name":"ARTTRAKT","url":"https:\/\/arttrakt.pl\/en\/","logo":{"@type":"ImageObject","inLanguage":"en-US","@id":"https:\/\/arttrakt.pl\/en\/#\/schema\/logo\/image\/","url":"https:\/\/arttrakt.pl\/wp-content\/uploads\/2022\/03\/logo_arttrakt.svg","contentUrl":"https:\/\/arttrakt.pl\/wp-content\/uploads\/2022\/03\/logo_arttrakt.svg","width":2521,"height":1152,"caption":"ARTTRAKT"},"image":{"@id":"https:\/\/arttrakt.pl\/en\/#\/schema\/logo\/image\/"},"sameAs":["https:\/\/www.facebook.com\/Arttrakt","https:\/\/www.instagram.com\/galeria_arttrakt\/"]}]}},"_links":{"self":[{"href":"https:\/\/arttrakt.pl\/en\/wp-json\/wp\/v2\/product\/3298","targetHints":{"allow":["GET"]}}],"collection":[{"href":"https:\/\/arttrakt.pl\/en\/wp-json\/wp\/v2\/product"}],"about":[{"href":"https:\/\/arttrakt.pl\/en\/wp-json\/wp\/v2\/types\/product"}],"replies":[{"embeddable":true,"href":"https:\/\/arttrakt.pl\/en\/wp-json\/wp\/v2\/comments?post=3298"}],"wp:featuredmedia":[{"embeddable":true,"href":"https:\/\/arttrakt.pl\/en\/wp-json\/wp\/v2\/media\/5276"}],"wp:attachment":[{"href":"https:\/\/arttrakt.pl\/en\/wp-json\/wp\/v2\/media?parent=3298"}],"wp:term":[{"taxonomy":"product_brand","embeddable":true,"href":"https:\/\/arttrakt.pl\/en\/wp-json\/wp\/v2\/product_brand?post=3298"},{"taxonomy":"product_cat","embeddable":true,"href":"https:\/\/arttrakt.pl\/en\/wp-json\/wp\/v2\/product_cat?post=3298"},{"taxonomy":"product_tag","embeddable":true,"href":"https:\/\/arttrakt.pl\/en\/wp-json\/wp\/v2\/product_tag?post=3298"}],"curies":[{"name":"wp","href":"https:\/\/api.w.org\/{rel}","templated":true}]}}