{"id":3270,"date":"2022-07-09T14:02:20","date_gmt":"2022-07-09T12:02:20","guid":{"rendered":"http:\/\/arttrakt.pl\/?post_type=product&#038;p=3270"},"modified":"2023-02-02T18:07:20","modified_gmt":"2023-02-02T17:07:20","slug":"akwarela-na-obnizenie-cisnienia-2","status":"publish","type":"product","link":"https:\/\/arttrakt.pl\/en\/artysci\/basia-banda\/akwarela-na-obnizenie-cisnienia-2\/","title":{"rendered":"Basia Ba\u0144da &#8211; Akwarela na obni\u017cenie ci\u015bnienia"},"content":{"rendered":"<p>Basia Ba\u0144da, Z cyklu: Akwarela na obni\u017cenie ci\u015bnienia.<\/p>\n<h3>Basia Ba\u0144da Akwarele na obni\u017cenie ci\u015bnienia &#8211; sk\u0105d pomys\u0142 ?<\/h3>\n<p>Gdy wybuch\u0142a pandemia mia\u0142am problem z malowaniem obraz\u00f3w na p\u0142\u00f3tnie. Mia\u0142am w sobie za du\u017co niepokoju. Czu\u0142am jednak potrzeb\u0119 malowania i tak powsta\u0142a seria akwarel na obni\u017cenie ci\u015bnienia. Praca nad tymi akwarelami relaksowa\u0142a mnie, poprawia\u0142a nastr\u00f3j i pozwala\u0142a zapomnie\u0107 o tym co si\u0119 aktualnie dzieje. Jednym s\u0142owem obni\u017ca\u0142a mi ci\u015bnienie. Zauwa\u017cy\u0142am, \u017ce odbiorca prace z tej serii tak\u017ce poprawiaj\u0105 samopoczucie dlatego zdecydowa\u0142am si\u0119 kontynuowa\u0107 ca\u0142y cykl a\u017c do ko\u0144ca trwania pandemii i publikowa\u0107 codziennie jedna z akwarel na instagramie. \u2014 wyja\u015bnia Basia Ba\u0144da.<\/p>\n<p>Akwarele prezentowane by\u0142y na wystawie w galerii Arttrakt<a href=\"https:\/\/arttrakt.pl\/let-it-burn\/\"> &#8220;Let it burn&#8221;<\/a><\/p>\n","protected":false},"excerpt":{"rendered":"<p>akwarela na papierze 26 x18 cm, 2021<\/p>\n","protected":false},"featured_media":4907,"comment_status":"closed","ping_status":"closed","template":"","meta":{"_et_pb_use_builder":"off","_et_pb_old_content":"","_et_gb_content_width":"","inline_featured_image":false},"product_brand":[],"product_cat":[458],"product_tag":[],"class_list":{"0":"post-3270","1":"product","2":"type-product","3":"status-publish","4":"has-post-thumbnail","6":"product_cat-basia-banda","8":"first","9":"instock","10":"shipping-taxable","11":"product-type-simple"},"yoast_head":"<!-- This site is optimized with the Yoast SEO plugin v24.5 - https:\/\/yoast.com\/wordpress\/plugins\/seo\/ -->\n<title>Basia Ba\u0144da - Akwarela na obni\u017cenie ci\u015bnienia - ARTTRAKT<\/title>\n<meta name=\"description\" content=\"Basia Ba\u0144da, &quot;Akwarela na obni\u017cenie ci\u015bnienia, akwarela&quot; na papierze 26 x18 cm, 2021\" \/>\n<meta name=\"robots\" content=\"index, follow, max-snippet:-1, max-image-preview:large, max-video-preview:-1\" \/>\n<link rel=\"canonical\" href=\"https:\/\/arttrakt.pl\/en\/artysci\/basia-banda\/akwarela-na-obnizenie-cisnienia-2\/\" \/>\n<meta property=\"og:locale\" content=\"en_US\" \/>\n<meta property=\"og:type\" content=\"article\" \/>\n<meta property=\"og:title\" content=\"Basia Ba\u0144da - Akwarela na obni\u017cenie ci\u015bnienia - ARTTRAKT\" \/>\n<meta property=\"og:description\" content=\"Basia Ba\u0144da, &quot;Akwarela na obni\u017cenie ci\u015bnienia, akwarela&quot; na papierze 26 x18 cm, 2021\" \/>\n<meta property=\"og:url\" content=\"https:\/\/arttrakt.pl\/en\/artysci\/basia-banda\/akwarela-na-obnizenie-cisnienia-2\/\" \/>\n<meta property=\"og:site_name\" content=\"ARTTRAKT\" \/>\n<meta property=\"article:publisher\" content=\"https:\/\/www.facebook.com\/Arttrakt\" \/>\n<meta property=\"article:modified_time\" content=\"2023-02-02T17:07:20+00:00\" \/>\n<meta property=\"og:image\" content=\"https:\/\/arttrakt.pl\/wp-content\/uploads\/2022\/07\/Basia-Banda-akwarela-na-obnizenie-cisnienia-akwarela-na-papierze-26-x18-cm.jpg\" \/>\n\t<meta property=\"og:image:width\" content=\"1000\" \/>\n\t<meta property=\"og:image:height\" content=\"1000\" \/>\n\t<meta property=\"og:image:type\" content=\"image\/jpeg\" \/>\n<meta name=\"twitter:card\" content=\"summary_large_image\" \/>\n<meta name=\"twitter:label1\" content=\"Est. reading time\" \/>\n\t<meta name=\"twitter:data1\" content=\"1 minute\" \/>\n<script type=\"application\/ld+json\" class=\"yoast-schema-graph\">{\"@context\":\"https:\/\/schema.org\",\"@graph\":[{\"@type\":\"WebPage\",\"@id\":\"https:\/\/arttrakt.pl\/en\/artysci\/basia-banda\/akwarela-na-obnizenie-cisnienia-2\/\",\"url\":\"https:\/\/arttrakt.pl\/en\/artysci\/basia-banda\/akwarela-na-obnizenie-cisnienia-2\/\",\"name\":\"Basia Ba\u0144da - Akwarela na obni\u017cenie ci\u015bnienia - ARTTRAKT\",\"isPartOf\":{\"@id\":\"https:\/\/arttrakt.pl\/en\/#website\"},\"primaryImageOfPage\":{\"@id\":\"https:\/\/arttrakt.pl\/en\/artysci\/basia-banda\/akwarela-na-obnizenie-cisnienia-2\/#primaryimage\"},\"image\":{\"@id\":\"https:\/\/arttrakt.pl\/en\/artysci\/basia-banda\/akwarela-na-obnizenie-cisnienia-2\/#primaryimage\"},\"thumbnailUrl\":\"https:\/\/arttrakt.pl\/wp-content\/uploads\/2022\/07\/Basia-Banda-akwarela-na-obnizenie-cisnienia-akwarela-na-papierze-26-x18-cm.jpg\",\"datePublished\":\"2022-07-09T12:02:20+00:00\",\"dateModified\":\"2023-02-02T17:07:20+00:00\",\"description\":\"Basia Ba\u0144da, \\\"Akwarela na obni\u017cenie ci\u015bnienia, akwarela\\\" na papierze 26 x18 cm, 2021\",\"breadcrumb\":{\"@id\":\"https:\/\/arttrakt.pl\/en\/artysci\/basia-banda\/akwarela-na-obnizenie-cisnienia-2\/#breadcrumb\"},\"inLanguage\":\"en-US\",\"potentialAction\":[{\"@type\":\"ReadAction\",\"target\":[\"https:\/\/arttrakt.pl\/en\/artysci\/basia-banda\/akwarela-na-obnizenie-cisnienia-2\/\"]}]},{\"@type\":\"ImageObject\",\"inLanguage\":\"en-US\",\"@id\":\"https:\/\/arttrakt.pl\/en\/artysci\/basia-banda\/akwarela-na-obnizenie-cisnienia-2\/#primaryimage\",\"url\":\"https:\/\/arttrakt.pl\/wp-content\/uploads\/2022\/07\/Basia-Banda-akwarela-na-obnizenie-cisnienia-akwarela-na-papierze-26-x18-cm.jpg\",\"contentUrl\":\"https:\/\/arttrakt.pl\/wp-content\/uploads\/2022\/07\/Basia-Banda-akwarela-na-obnizenie-cisnienia-akwarela-na-papierze-26-x18-cm.jpg\",\"width\":1000,\"height\":1000,\"caption\":\"Basia Ba\u0144da, Z cyklu: Akwarela na obni\u017cenie ci\u015bnienia, akwarela na papierze, 18x24cm, 2021\"},{\"@type\":\"BreadcrumbList\",\"@id\":\"https:\/\/arttrakt.pl\/en\/artysci\/basia-banda\/akwarela-na-obnizenie-cisnienia-2\/#breadcrumb\",\"itemListElement\":[{\"@type\":\"ListItem\",\"position\":1,\"name\":\"Strona g\u0142\u00f3wna\",\"item\":\"https:\/\/arttrakt.pl\/en\/\"},{\"@type\":\"ListItem\",\"position\":2,\"name\":\"Shop\",\"item\":\"https:\/\/arttrakt.pl\/en\/shop\/\"},{\"@type\":\"ListItem\",\"position\":3,\"name\":\"Basia Ba\u0144da &#8211; Akwarela na obni\u017cenie ci\u015bnienia\"}]},{\"@type\":\"WebSite\",\"@id\":\"https:\/\/arttrakt.pl\/en\/#website\",\"url\":\"https:\/\/arttrakt.pl\/en\/\",\"name\":\"ARTTRAKT\",\"description\":\"Galeria sztuki\",\"publisher\":{\"@id\":\"https:\/\/arttrakt.pl\/en\/#organization\"},\"potentialAction\":[{\"@type\":\"SearchAction\",\"target\":{\"@type\":\"EntryPoint\",\"urlTemplate\":\"https:\/\/arttrakt.pl\/en\/?s={search_term_string}\"},\"query-input\":{\"@type\":\"PropertyValueSpecification\",\"valueRequired\":true,\"valueName\":\"search_term_string\"}}],\"inLanguage\":\"en-US\"},{\"@type\":\"Organization\",\"@id\":\"https:\/\/arttrakt.pl\/en\/#organization\",\"name\":\"ARTTRAKT\",\"url\":\"https:\/\/arttrakt.pl\/en\/\",\"logo\":{\"@type\":\"ImageObject\",\"inLanguage\":\"en-US\",\"@id\":\"https:\/\/arttrakt.pl\/en\/#\/schema\/logo\/image\/\",\"url\":\"https:\/\/arttrakt.pl\/wp-content\/uploads\/2022\/03\/logo_arttrakt.svg\",\"contentUrl\":\"https:\/\/arttrakt.pl\/wp-content\/uploads\/2022\/03\/logo_arttrakt.svg\",\"width\":2521,\"height\":1152,\"caption\":\"ARTTRAKT\"},\"image\":{\"@id\":\"https:\/\/arttrakt.pl\/en\/#\/schema\/logo\/image\/\"},\"sameAs\":[\"https:\/\/www.facebook.com\/Arttrakt\",\"https:\/\/www.instagram.com\/galeria_arttrakt\/\"]}]}<\/script>\n<!-- \/ Yoast SEO plugin. -->","yoast_head_json":{"title":"Basia Ba\u0144da - Akwarela na obni\u017cenie ci\u015bnienia - ARTTRAKT","description":"Basia Ba\u0144da, \"Akwarela na obni\u017cenie ci\u015bnienia, akwarela\" na papierze 26 x18 cm, 2021","robots":{"index":"index","follow":"follow","max-snippet":"max-snippet:-1","max-image-preview":"max-image-preview:large","max-video-preview":"max-video-preview:-1"},"canonical":"https:\/\/arttrakt.pl\/en\/artysci\/basia-banda\/akwarela-na-obnizenie-cisnienia-2\/","og_locale":"en_US","og_type":"article","og_title":"Basia Ba\u0144da - Akwarela na obni\u017cenie ci\u015bnienia - ARTTRAKT","og_description":"Basia Ba\u0144da, \"Akwarela na obni\u017cenie ci\u015bnienia, akwarela\" na papierze 26 x18 cm, 2021","og_url":"https:\/\/arttrakt.pl\/en\/artysci\/basia-banda\/akwarela-na-obnizenie-cisnienia-2\/","og_site_name":"ARTTRAKT","article_publisher":"https:\/\/www.facebook.com\/Arttrakt","article_modified_time":"2023-02-02T17:07:20+00:00","og_image":[{"width":1000,"height":1000,"url":"https:\/\/arttrakt.pl\/wp-content\/uploads\/2022\/07\/Basia-Banda-akwarela-na-obnizenie-cisnienia-akwarela-na-papierze-26-x18-cm.jpg","type":"image\/jpeg"}],"twitter_card":"summary_large_image","twitter_misc":{"Est. reading time":"1 minute"},"schema":{"@context":"https:\/\/schema.org","@graph":[{"@type":"WebPage","@id":"https:\/\/arttrakt.pl\/en\/artysci\/basia-banda\/akwarela-na-obnizenie-cisnienia-2\/","url":"https:\/\/arttrakt.pl\/en\/artysci\/basia-banda\/akwarela-na-obnizenie-cisnienia-2\/","name":"Basia Ba\u0144da - Akwarela na obni\u017cenie ci\u015bnienia - ARTTRAKT","isPartOf":{"@id":"https:\/\/arttrakt.pl\/en\/#website"},"primaryImageOfPage":{"@id":"https:\/\/arttrakt.pl\/en\/artysci\/basia-banda\/akwarela-na-obnizenie-cisnienia-2\/#primaryimage"},"image":{"@id":"https:\/\/arttrakt.pl\/en\/artysci\/basia-banda\/akwarela-na-obnizenie-cisnienia-2\/#primaryimage"},"thumbnailUrl":"https:\/\/arttrakt.pl\/wp-content\/uploads\/2022\/07\/Basia-Banda-akwarela-na-obnizenie-cisnienia-akwarela-na-papierze-26-x18-cm.jpg","datePublished":"2022-07-09T12:02:20+00:00","dateModified":"2023-02-02T17:07:20+00:00","description":"Basia Ba\u0144da, \"Akwarela na obni\u017cenie ci\u015bnienia, akwarela\" na papierze 26 x18 cm, 2021","breadcrumb":{"@id":"https:\/\/arttrakt.pl\/en\/artysci\/basia-banda\/akwarela-na-obnizenie-cisnienia-2\/#breadcrumb"},"inLanguage":"en-US","potentialAction":[{"@type":"ReadAction","target":["https:\/\/arttrakt.pl\/en\/artysci\/basia-banda\/akwarela-na-obnizenie-cisnienia-2\/"]}]},{"@type":"ImageObject","inLanguage":"en-US","@id":"https:\/\/arttrakt.pl\/en\/artysci\/basia-banda\/akwarela-na-obnizenie-cisnienia-2\/#primaryimage","url":"https:\/\/arttrakt.pl\/wp-content\/uploads\/2022\/07\/Basia-Banda-akwarela-na-obnizenie-cisnienia-akwarela-na-papierze-26-x18-cm.jpg","contentUrl":"https:\/\/arttrakt.pl\/wp-content\/uploads\/2022\/07\/Basia-Banda-akwarela-na-obnizenie-cisnienia-akwarela-na-papierze-26-x18-cm.jpg","width":1000,"height":1000,"caption":"Basia Ba\u0144da, Z cyklu: Akwarela na obni\u017cenie ci\u015bnienia, akwarela na papierze, 18x24cm, 2021"},{"@type":"BreadcrumbList","@id":"https:\/\/arttrakt.pl\/en\/artysci\/basia-banda\/akwarela-na-obnizenie-cisnienia-2\/#breadcrumb","itemListElement":[{"@type":"ListItem","position":1,"name":"Strona g\u0142\u00f3wna","item":"https:\/\/arttrakt.pl\/en\/"},{"@type":"ListItem","position":2,"name":"Shop","item":"https:\/\/arttrakt.pl\/en\/shop\/"},{"@type":"ListItem","position":3,"name":"Basia Ba\u0144da &#8211; Akwarela na obni\u017cenie ci\u015bnienia"}]},{"@type":"WebSite","@id":"https:\/\/arttrakt.pl\/en\/#website","url":"https:\/\/arttrakt.pl\/en\/","name":"ARTTRAKT","description":"Galeria sztuki","publisher":{"@id":"https:\/\/arttrakt.pl\/en\/#organization"},"potentialAction":[{"@type":"SearchAction","target":{"@type":"EntryPoint","urlTemplate":"https:\/\/arttrakt.pl\/en\/?s={search_term_string}"},"query-input":{"@type":"PropertyValueSpecification","valueRequired":true,"valueName":"search_term_string"}}],"inLanguage":"en-US"},{"@type":"Organization","@id":"https:\/\/arttrakt.pl\/en\/#organization","name":"ARTTRAKT","url":"https:\/\/arttrakt.pl\/en\/","logo":{"@type":"ImageObject","inLanguage":"en-US","@id":"https:\/\/arttrakt.pl\/en\/#\/schema\/logo\/image\/","url":"https:\/\/arttrakt.pl\/wp-content\/uploads\/2022\/03\/logo_arttrakt.svg","contentUrl":"https:\/\/arttrakt.pl\/wp-content\/uploads\/2022\/03\/logo_arttrakt.svg","width":2521,"height":1152,"caption":"ARTTRAKT"},"image":{"@id":"https:\/\/arttrakt.pl\/en\/#\/schema\/logo\/image\/"},"sameAs":["https:\/\/www.facebook.com\/Arttrakt","https:\/\/www.instagram.com\/galeria_arttrakt\/"]}]}},"_links":{"self":[{"href":"https:\/\/arttrakt.pl\/en\/wp-json\/wp\/v2\/product\/3270","targetHints":{"allow":["GET"]}}],"collection":[{"href":"https:\/\/arttrakt.pl\/en\/wp-json\/wp\/v2\/product"}],"about":[{"href":"https:\/\/arttrakt.pl\/en\/wp-json\/wp\/v2\/types\/product"}],"replies":[{"embeddable":true,"href":"https:\/\/arttrakt.pl\/en\/wp-json\/wp\/v2\/comments?post=3270"}],"wp:featuredmedia":[{"embeddable":true,"href":"https:\/\/arttrakt.pl\/en\/wp-json\/wp\/v2\/media\/4907"}],"wp:attachment":[{"href":"https:\/\/arttrakt.pl\/en\/wp-json\/wp\/v2\/media?parent=3270"}],"wp:term":[{"taxonomy":"product_brand","embeddable":true,"href":"https:\/\/arttrakt.pl\/en\/wp-json\/wp\/v2\/product_brand?post=3270"},{"taxonomy":"product_cat","embeddable":true,"href":"https:\/\/arttrakt.pl\/en\/wp-json\/wp\/v2\/product_cat?post=3270"},{"taxonomy":"product_tag","embeddable":true,"href":"https:\/\/arttrakt.pl\/en\/wp-json\/wp\/v2\/product_tag?post=3270"}],"curies":[{"name":"wp","href":"https:\/\/api.w.org\/{rel}","templated":true}]}}