{"id":3022,"date":"2022-06-30T16:00:26","date_gmt":"2022-06-30T14:00:26","guid":{"rendered":"http:\/\/arttrakt.pl\/?post_type=product&#038;p=3022"},"modified":"2023-01-23T21:43:13","modified_gmt":"2023-01-23T20:43:13","slug":"szukajac-skarbow","status":"publish","type":"product","link":"https:\/\/arttrakt.pl\/en\/artysci\/julita-malinowska\/szukajac-skarbow\/","title":{"rendered":"Julita Malinowska &#8211; Szukaj\u0105c skarb\u00f3w"},"content":{"rendered":"<p>Julita Malinowska &#8211; Szukaja\u0328c skarbo\u0301w, 2018, olej na p\u0142o\u0301tnie, 18 x 20 cm<\/p>\n","protected":false},"excerpt":{"rendered":"<p>Szukaja\u0328c skarbo\u0301w, 2018, olej na p\u0142o\u0301tnie, 18 x 20 cm<\/p>\n","protected":false},"featured_media":5358,"comment_status":"closed","ping_status":"closed","template":"","meta":{"_et_pb_use_builder":"off","_et_pb_old_content":"<ul>\r\n \t<li>Charakterystyczna dla Malinowskiej wakacyjna, letnia sceneria<\/li>\r\n \t<li>malarstwo figuratywne<\/li>\r\n \t<li>minimalistyczne, zsyntetyzowane t\u0142o<\/li>\r\n \t<li>geometryczny, horyzontalny podzia\u0142 przestrzeni.<\/li>\r\n \t<li>dominanta koloru niebieskiego- charakterystyczna cecha obraz\u00f3w Julity Malinowskiej<\/li>\r\n<\/ul>","_et_gb_content_width":"","inline_featured_image":false},"product_brand":[],"product_cat":[426],"product_tag":[],"class_list":{"0":"post-3022","1":"product","2":"type-product","3":"status-publish","4":"has-post-thumbnail","6":"product_cat-julita-malinowska","8":"first","9":"instock","10":"shipping-taxable","11":"product-type-simple"},"yoast_head":"<!-- This site is optimized with the Yoast SEO plugin v24.5 - https:\/\/yoast.com\/wordpress\/plugins\/seo\/ -->\n<title>Julita Malinowska - Szukaj\u0105c skarb\u00f3w - ARTTRAKT<\/title>\n<meta name=\"robots\" content=\"index, follow, max-snippet:-1, max-image-preview:large, max-video-preview:-1\" \/>\n<link rel=\"canonical\" href=\"https:\/\/arttrakt.pl\/en\/artysci\/julita-malinowska\/szukajac-skarbow\/\" \/>\n<meta property=\"og:locale\" content=\"en_US\" \/>\n<meta property=\"og:type\" content=\"article\" \/>\n<meta property=\"og:title\" content=\"Julita Malinowska - Szukaj\u0105c skarb\u00f3w - ARTTRAKT\" \/>\n<meta property=\"og:description\" content=\"Szukaja\u0328c skarbo\u0301w, 2018, olej na p\u0142o\u0301tnie, 18 x 20 cm\" \/>\n<meta property=\"og:url\" content=\"https:\/\/arttrakt.pl\/en\/artysci\/julita-malinowska\/szukajac-skarbow\/\" \/>\n<meta property=\"og:site_name\" content=\"ARTTRAKT\" \/>\n<meta property=\"article:publisher\" content=\"https:\/\/www.facebook.com\/Arttrakt\" \/>\n<meta property=\"article:modified_time\" content=\"2023-01-23T20:43:13+00:00\" \/>\n<meta property=\"og:image\" content=\"https:\/\/arttrakt.pl\/wp-content\/uploads\/2022\/06\/Julita-Malinowska-malarstwo.jpg\" \/>\n\t<meta property=\"og:image:width\" content=\"1000\" \/>\n\t<meta property=\"og:image:height\" content=\"1000\" \/>\n\t<meta property=\"og:image:type\" content=\"image\/jpeg\" \/>\n<meta name=\"twitter:card\" content=\"summary_large_image\" \/>\n<meta name=\"twitter:label1\" content=\"Est. reading time\" \/>\n\t<meta name=\"twitter:data1\" content=\"1 minute\" \/>\n<script type=\"application\/ld+json\" class=\"yoast-schema-graph\">{\"@context\":\"https:\/\/schema.org\",\"@graph\":[{\"@type\":\"WebPage\",\"@id\":\"https:\/\/arttrakt.pl\/en\/artysci\/julita-malinowska\/szukajac-skarbow\/\",\"url\":\"https:\/\/arttrakt.pl\/en\/artysci\/julita-malinowska\/szukajac-skarbow\/\",\"name\":\"Julita Malinowska - Szukaj\u0105c skarb\u00f3w - ARTTRAKT\",\"isPartOf\":{\"@id\":\"https:\/\/arttrakt.pl\/en\/#website\"},\"primaryImageOfPage\":{\"@id\":\"https:\/\/arttrakt.pl\/en\/artysci\/julita-malinowska\/szukajac-skarbow\/#primaryimage\"},\"image\":{\"@id\":\"https:\/\/arttrakt.pl\/en\/artysci\/julita-malinowska\/szukajac-skarbow\/#primaryimage\"},\"thumbnailUrl\":\"https:\/\/arttrakt.pl\/wp-content\/uploads\/2022\/06\/Julita-Malinowska-malarstwo.jpg\",\"datePublished\":\"2022-06-30T14:00:26+00:00\",\"dateModified\":\"2023-01-23T20:43:13+00:00\",\"breadcrumb\":{\"@id\":\"https:\/\/arttrakt.pl\/en\/artysci\/julita-malinowska\/szukajac-skarbow\/#breadcrumb\"},\"inLanguage\":\"en-US\",\"potentialAction\":[{\"@type\":\"ReadAction\",\"target\":[\"https:\/\/arttrakt.pl\/en\/artysci\/julita-malinowska\/szukajac-skarbow\/\"]}]},{\"@type\":\"ImageObject\",\"inLanguage\":\"en-US\",\"@id\":\"https:\/\/arttrakt.pl\/en\/artysci\/julita-malinowska\/szukajac-skarbow\/#primaryimage\",\"url\":\"https:\/\/arttrakt.pl\/wp-content\/uploads\/2022\/06\/Julita-Malinowska-malarstwo.jpg\",\"contentUrl\":\"https:\/\/arttrakt.pl\/wp-content\/uploads\/2022\/06\/Julita-Malinowska-malarstwo.jpg\",\"width\":1000,\"height\":1000,\"caption\":\"Julita Malinowska obraz przedstawiaj\u0105cy m\u0119\u017cczyzn na pla\u017cy\"},{\"@type\":\"BreadcrumbList\",\"@id\":\"https:\/\/arttrakt.pl\/en\/artysci\/julita-malinowska\/szukajac-skarbow\/#breadcrumb\",\"itemListElement\":[{\"@type\":\"ListItem\",\"position\":1,\"name\":\"Strona g\u0142\u00f3wna\",\"item\":\"https:\/\/arttrakt.pl\/en\/\"},{\"@type\":\"ListItem\",\"position\":2,\"name\":\"Shop\",\"item\":\"https:\/\/arttrakt.pl\/en\/shop\/\"},{\"@type\":\"ListItem\",\"position\":3,\"name\":\"Julita Malinowska &#8211; Szukaj\u0105c skarb\u00f3w\"}]},{\"@type\":\"WebSite\",\"@id\":\"https:\/\/arttrakt.pl\/en\/#website\",\"url\":\"https:\/\/arttrakt.pl\/en\/\",\"name\":\"ARTTRAKT\",\"description\":\"Galeria sztuki\",\"publisher\":{\"@id\":\"https:\/\/arttrakt.pl\/en\/#organization\"},\"potentialAction\":[{\"@type\":\"SearchAction\",\"target\":{\"@type\":\"EntryPoint\",\"urlTemplate\":\"https:\/\/arttrakt.pl\/en\/?s={search_term_string}\"},\"query-input\":{\"@type\":\"PropertyValueSpecification\",\"valueRequired\":true,\"valueName\":\"search_term_string\"}}],\"inLanguage\":\"en-US\"},{\"@type\":\"Organization\",\"@id\":\"https:\/\/arttrakt.pl\/en\/#organization\",\"name\":\"ARTTRAKT\",\"url\":\"https:\/\/arttrakt.pl\/en\/\",\"logo\":{\"@type\":\"ImageObject\",\"inLanguage\":\"en-US\",\"@id\":\"https:\/\/arttrakt.pl\/en\/#\/schema\/logo\/image\/\",\"url\":\"https:\/\/arttrakt.pl\/wp-content\/uploads\/2022\/03\/logo_arttrakt.svg\",\"contentUrl\":\"https:\/\/arttrakt.pl\/wp-content\/uploads\/2022\/03\/logo_arttrakt.svg\",\"width\":2521,\"height\":1152,\"caption\":\"ARTTRAKT\"},\"image\":{\"@id\":\"https:\/\/arttrakt.pl\/en\/#\/schema\/logo\/image\/\"},\"sameAs\":[\"https:\/\/www.facebook.com\/Arttrakt\",\"https:\/\/www.instagram.com\/galeria_arttrakt\/\"]}]}<\/script>\n<!-- \/ Yoast SEO plugin. -->","yoast_head_json":{"title":"Julita Malinowska - Szukaj\u0105c skarb\u00f3w - ARTTRAKT","robots":{"index":"index","follow":"follow","max-snippet":"max-snippet:-1","max-image-preview":"max-image-preview:large","max-video-preview":"max-video-preview:-1"},"canonical":"https:\/\/arttrakt.pl\/en\/artysci\/julita-malinowska\/szukajac-skarbow\/","og_locale":"en_US","og_type":"article","og_title":"Julita Malinowska - Szukaj\u0105c skarb\u00f3w - ARTTRAKT","og_description":"Szukaja\u0328c skarbo\u0301w, 2018, olej na p\u0142o\u0301tnie, 18 x 20 cm","og_url":"https:\/\/arttrakt.pl\/en\/artysci\/julita-malinowska\/szukajac-skarbow\/","og_site_name":"ARTTRAKT","article_publisher":"https:\/\/www.facebook.com\/Arttrakt","article_modified_time":"2023-01-23T20:43:13+00:00","og_image":[{"width":1000,"height":1000,"url":"https:\/\/arttrakt.pl\/wp-content\/uploads\/2022\/06\/Julita-Malinowska-malarstwo.jpg","type":"image\/jpeg"}],"twitter_card":"summary_large_image","twitter_misc":{"Est. reading time":"1 minute"},"schema":{"@context":"https:\/\/schema.org","@graph":[{"@type":"WebPage","@id":"https:\/\/arttrakt.pl\/en\/artysci\/julita-malinowska\/szukajac-skarbow\/","url":"https:\/\/arttrakt.pl\/en\/artysci\/julita-malinowska\/szukajac-skarbow\/","name":"Julita Malinowska - Szukaj\u0105c skarb\u00f3w - ARTTRAKT","isPartOf":{"@id":"https:\/\/arttrakt.pl\/en\/#website"},"primaryImageOfPage":{"@id":"https:\/\/arttrakt.pl\/en\/artysci\/julita-malinowska\/szukajac-skarbow\/#primaryimage"},"image":{"@id":"https:\/\/arttrakt.pl\/en\/artysci\/julita-malinowska\/szukajac-skarbow\/#primaryimage"},"thumbnailUrl":"https:\/\/arttrakt.pl\/wp-content\/uploads\/2022\/06\/Julita-Malinowska-malarstwo.jpg","datePublished":"2022-06-30T14:00:26+00:00","dateModified":"2023-01-23T20:43:13+00:00","breadcrumb":{"@id":"https:\/\/arttrakt.pl\/en\/artysci\/julita-malinowska\/szukajac-skarbow\/#breadcrumb"},"inLanguage":"en-US","potentialAction":[{"@type":"ReadAction","target":["https:\/\/arttrakt.pl\/en\/artysci\/julita-malinowska\/szukajac-skarbow\/"]}]},{"@type":"ImageObject","inLanguage":"en-US","@id":"https:\/\/arttrakt.pl\/en\/artysci\/julita-malinowska\/szukajac-skarbow\/#primaryimage","url":"https:\/\/arttrakt.pl\/wp-content\/uploads\/2022\/06\/Julita-Malinowska-malarstwo.jpg","contentUrl":"https:\/\/arttrakt.pl\/wp-content\/uploads\/2022\/06\/Julita-Malinowska-malarstwo.jpg","width":1000,"height":1000,"caption":"Julita Malinowska obraz przedstawiaj\u0105cy m\u0119\u017cczyzn na pla\u017cy"},{"@type":"BreadcrumbList","@id":"https:\/\/arttrakt.pl\/en\/artysci\/julita-malinowska\/szukajac-skarbow\/#breadcrumb","itemListElement":[{"@type":"ListItem","position":1,"name":"Strona g\u0142\u00f3wna","item":"https:\/\/arttrakt.pl\/en\/"},{"@type":"ListItem","position":2,"name":"Shop","item":"https:\/\/arttrakt.pl\/en\/shop\/"},{"@type":"ListItem","position":3,"name":"Julita Malinowska &#8211; Szukaj\u0105c skarb\u00f3w"}]},{"@type":"WebSite","@id":"https:\/\/arttrakt.pl\/en\/#website","url":"https:\/\/arttrakt.pl\/en\/","name":"ARTTRAKT","description":"Galeria sztuki","publisher":{"@id":"https:\/\/arttrakt.pl\/en\/#organization"},"potentialAction":[{"@type":"SearchAction","target":{"@type":"EntryPoint","urlTemplate":"https:\/\/arttrakt.pl\/en\/?s={search_term_string}"},"query-input":{"@type":"PropertyValueSpecification","valueRequired":true,"valueName":"search_term_string"}}],"inLanguage":"en-US"},{"@type":"Organization","@id":"https:\/\/arttrakt.pl\/en\/#organization","name":"ARTTRAKT","url":"https:\/\/arttrakt.pl\/en\/","logo":{"@type":"ImageObject","inLanguage":"en-US","@id":"https:\/\/arttrakt.pl\/en\/#\/schema\/logo\/image\/","url":"https:\/\/arttrakt.pl\/wp-content\/uploads\/2022\/03\/logo_arttrakt.svg","contentUrl":"https:\/\/arttrakt.pl\/wp-content\/uploads\/2022\/03\/logo_arttrakt.svg","width":2521,"height":1152,"caption":"ARTTRAKT"},"image":{"@id":"https:\/\/arttrakt.pl\/en\/#\/schema\/logo\/image\/"},"sameAs":["https:\/\/www.facebook.com\/Arttrakt","https:\/\/www.instagram.com\/galeria_arttrakt\/"]}]}},"_links":{"self":[{"href":"https:\/\/arttrakt.pl\/en\/wp-json\/wp\/v2\/product\/3022","targetHints":{"allow":["GET"]}}],"collection":[{"href":"https:\/\/arttrakt.pl\/en\/wp-json\/wp\/v2\/product"}],"about":[{"href":"https:\/\/arttrakt.pl\/en\/wp-json\/wp\/v2\/types\/product"}],"replies":[{"embeddable":true,"href":"https:\/\/arttrakt.pl\/en\/wp-json\/wp\/v2\/comments?post=3022"}],"wp:featuredmedia":[{"embeddable":true,"href":"https:\/\/arttrakt.pl\/en\/wp-json\/wp\/v2\/media\/5358"}],"wp:attachment":[{"href":"https:\/\/arttrakt.pl\/en\/wp-json\/wp\/v2\/media?parent=3022"}],"wp:term":[{"taxonomy":"product_brand","embeddable":true,"href":"https:\/\/arttrakt.pl\/en\/wp-json\/wp\/v2\/product_brand?post=3022"},{"taxonomy":"product_cat","embeddable":true,"href":"https:\/\/arttrakt.pl\/en\/wp-json\/wp\/v2\/product_cat?post=3022"},{"taxonomy":"product_tag","embeddable":true,"href":"https:\/\/arttrakt.pl\/en\/wp-json\/wp\/v2\/product_tag?post=3022"}],"curies":[{"name":"wp","href":"https:\/\/api.w.org\/{rel}","templated":true}]}}