{"id":10178,"date":"2025-05-23T15:41:54","date_gmt":"2025-05-23T13:41:54","guid":{"rendered":"https:\/\/arttrakt.pl\/?post_type=product&#038;p=10178"},"modified":"2025-05-23T15:41:54","modified_gmt":"2025-05-23T13:41:54","slug":"hubert-bujak-powodz","status":"publish","type":"product","link":"https:\/\/arttrakt.pl\/en\/artysci\/hubert-bujak\/hubert-bujak-powodz\/","title":{"rendered":"Hubert Bujak &#8211; Pow\u00f3d\u017a"},"content":{"rendered":"<p>Hubert Bujak &#8211; Pow\u00f3d\u017a, akryl na p\u0142\u00f3tnie, 40x50cm<\/p>\n","protected":false},"excerpt":{"rendered":"<p>Hubert Bujak &#8211; Pow\u00f3d\u017a, akryl na p\u0142\u00f3tnie, 40x50cm<\/p>\n","protected":false},"featured_media":10179,"comment_status":"closed","ping_status":"closed","template":"","meta":{"_et_pb_use_builder":"","_et_pb_old_content":"","_et_gb_content_width":"","inline_featured_image":false},"product_brand":[],"product_cat":[635],"product_tag":[],"class_list":{"0":"post-10178","1":"product","2":"type-product","3":"status-publish","4":"has-post-thumbnail","6":"product_cat-hubert-bujak","8":"first","9":"instock","10":"shipping-taxable","11":"product-type-simple"},"yoast_head":"<!-- This site is optimized with the Yoast SEO plugin v24.5 - https:\/\/yoast.com\/wordpress\/plugins\/seo\/ -->\n<title>Hubert Bujak - Pow\u00f3d\u017a - ARTTRAKT<\/title>\n<meta name=\"description\" content=\"Hubert Bujak - Pow\u00f3d\u017a\" \/>\n<meta name=\"robots\" content=\"index, follow, max-snippet:-1, max-image-preview:large, max-video-preview:-1\" \/>\n<link rel=\"canonical\" href=\"https:\/\/arttrakt.pl\/en\/artysci\/hubert-bujak\/hubert-bujak-powodz\/\" \/>\n<meta property=\"og:locale\" content=\"en_US\" \/>\n<meta property=\"og:type\" content=\"article\" \/>\n<meta property=\"og:title\" content=\"Hubert Bujak - Pow\u00f3d\u017a - ARTTRAKT\" \/>\n<meta property=\"og:description\" content=\"Hubert Bujak - Pow\u00f3d\u017a\" \/>\n<meta property=\"og:url\" content=\"https:\/\/arttrakt.pl\/en\/artysci\/hubert-bujak\/hubert-bujak-powodz\/\" \/>\n<meta property=\"og:site_name\" content=\"ARTTRAKT\" \/>\n<meta property=\"article:publisher\" content=\"https:\/\/www.facebook.com\/Arttrakt\" \/>\n<meta property=\"og:image\" content=\"https:\/\/arttrakt.pl\/wp-content\/uploads\/2025\/05\/Bez-nazwy-1000-x-1000-px-4.jpg\" \/>\n\t<meta property=\"og:image:width\" content=\"1000\" \/>\n\t<meta property=\"og:image:height\" content=\"1000\" \/>\n\t<meta property=\"og:image:type\" content=\"image\/jpeg\" \/>\n<meta name=\"twitter:card\" content=\"summary_large_image\" \/>\n<meta name=\"twitter:label1\" content=\"Est. reading time\" \/>\n\t<meta name=\"twitter:data1\" content=\"1 minute\" \/>\n<script type=\"application\/ld+json\" class=\"yoast-schema-graph\">{\"@context\":\"https:\/\/schema.org\",\"@graph\":[{\"@type\":\"WebPage\",\"@id\":\"https:\/\/arttrakt.pl\/en\/artysci\/hubert-bujak\/hubert-bujak-powodz\/\",\"url\":\"https:\/\/arttrakt.pl\/en\/artysci\/hubert-bujak\/hubert-bujak-powodz\/\",\"name\":\"Hubert Bujak - Pow\u00f3d\u017a - ARTTRAKT\",\"isPartOf\":{\"@id\":\"https:\/\/arttrakt.pl\/en\/#website\"},\"primaryImageOfPage\":{\"@id\":\"https:\/\/arttrakt.pl\/en\/artysci\/hubert-bujak\/hubert-bujak-powodz\/#primaryimage\"},\"image\":{\"@id\":\"https:\/\/arttrakt.pl\/en\/artysci\/hubert-bujak\/hubert-bujak-powodz\/#primaryimage\"},\"thumbnailUrl\":\"https:\/\/arttrakt.pl\/wp-content\/uploads\/2025\/05\/Bez-nazwy-1000-x-1000-px-4.jpg\",\"datePublished\":\"2025-05-23T13:41:54+00:00\",\"description\":\"Hubert Bujak - Pow\u00f3d\u017a\",\"breadcrumb\":{\"@id\":\"https:\/\/arttrakt.pl\/en\/artysci\/hubert-bujak\/hubert-bujak-powodz\/#breadcrumb\"},\"inLanguage\":\"en-US\",\"potentialAction\":[{\"@type\":\"ReadAction\",\"target\":[\"https:\/\/arttrakt.pl\/en\/artysci\/hubert-bujak\/hubert-bujak-powodz\/\"]}]},{\"@type\":\"ImageObject\",\"inLanguage\":\"en-US\",\"@id\":\"https:\/\/arttrakt.pl\/en\/artysci\/hubert-bujak\/hubert-bujak-powodz\/#primaryimage\",\"url\":\"https:\/\/arttrakt.pl\/wp-content\/uploads\/2025\/05\/Bez-nazwy-1000-x-1000-px-4.jpg\",\"contentUrl\":\"https:\/\/arttrakt.pl\/wp-content\/uploads\/2025\/05\/Bez-nazwy-1000-x-1000-px-4.jpg\",\"width\":1000,\"height\":1000,\"caption\":\"Hubert Bujak\"},{\"@type\":\"BreadcrumbList\",\"@id\":\"https:\/\/arttrakt.pl\/en\/artysci\/hubert-bujak\/hubert-bujak-powodz\/#breadcrumb\",\"itemListElement\":[{\"@type\":\"ListItem\",\"position\":1,\"name\":\"Strona g\u0142\u00f3wna\",\"item\":\"https:\/\/arttrakt.pl\/en\/\"},{\"@type\":\"ListItem\",\"position\":2,\"name\":\"Shop\",\"item\":\"https:\/\/arttrakt.pl\/en\/shop\/\"},{\"@type\":\"ListItem\",\"position\":3,\"name\":\"Hubert Bujak &#8211; Pow\u00f3d\u017a\"}]},{\"@type\":\"WebSite\",\"@id\":\"https:\/\/arttrakt.pl\/en\/#website\",\"url\":\"https:\/\/arttrakt.pl\/en\/\",\"name\":\"ARTTRAKT\",\"description\":\"Galeria sztuki\",\"publisher\":{\"@id\":\"https:\/\/arttrakt.pl\/en\/#organization\"},\"potentialAction\":[{\"@type\":\"SearchAction\",\"target\":{\"@type\":\"EntryPoint\",\"urlTemplate\":\"https:\/\/arttrakt.pl\/en\/?s={search_term_string}\"},\"query-input\":{\"@type\":\"PropertyValueSpecification\",\"valueRequired\":true,\"valueName\":\"search_term_string\"}}],\"inLanguage\":\"en-US\"},{\"@type\":\"Organization\",\"@id\":\"https:\/\/arttrakt.pl\/en\/#organization\",\"name\":\"ARTTRAKT\",\"url\":\"https:\/\/arttrakt.pl\/en\/\",\"logo\":{\"@type\":\"ImageObject\",\"inLanguage\":\"en-US\",\"@id\":\"https:\/\/arttrakt.pl\/en\/#\/schema\/logo\/image\/\",\"url\":\"https:\/\/arttrakt.pl\/wp-content\/uploads\/2022\/03\/logo_arttrakt.svg\",\"contentUrl\":\"https:\/\/arttrakt.pl\/wp-content\/uploads\/2022\/03\/logo_arttrakt.svg\",\"width\":2521,\"height\":1152,\"caption\":\"ARTTRAKT\"},\"image\":{\"@id\":\"https:\/\/arttrakt.pl\/en\/#\/schema\/logo\/image\/\"},\"sameAs\":[\"https:\/\/www.facebook.com\/Arttrakt\",\"https:\/\/www.instagram.com\/galeria_arttrakt\/\"]}]}<\/script>\n<!-- \/ Yoast SEO plugin. -->","yoast_head_json":{"title":"Hubert Bujak - Pow\u00f3d\u017a - ARTTRAKT","description":"Hubert Bujak - Pow\u00f3d\u017a","robots":{"index":"index","follow":"follow","max-snippet":"max-snippet:-1","max-image-preview":"max-image-preview:large","max-video-preview":"max-video-preview:-1"},"canonical":"https:\/\/arttrakt.pl\/en\/artysci\/hubert-bujak\/hubert-bujak-powodz\/","og_locale":"en_US","og_type":"article","og_title":"Hubert Bujak - Pow\u00f3d\u017a - ARTTRAKT","og_description":"Hubert Bujak - Pow\u00f3d\u017a","og_url":"https:\/\/arttrakt.pl\/en\/artysci\/hubert-bujak\/hubert-bujak-powodz\/","og_site_name":"ARTTRAKT","article_publisher":"https:\/\/www.facebook.com\/Arttrakt","og_image":[{"width":1000,"height":1000,"url":"https:\/\/arttrakt.pl\/wp-content\/uploads\/2025\/05\/Bez-nazwy-1000-x-1000-px-4.jpg","type":"image\/jpeg"}],"twitter_card":"summary_large_image","twitter_misc":{"Est. reading time":"1 minute"},"schema":{"@context":"https:\/\/schema.org","@graph":[{"@type":"WebPage","@id":"https:\/\/arttrakt.pl\/en\/artysci\/hubert-bujak\/hubert-bujak-powodz\/","url":"https:\/\/arttrakt.pl\/en\/artysci\/hubert-bujak\/hubert-bujak-powodz\/","name":"Hubert Bujak - Pow\u00f3d\u017a - ARTTRAKT","isPartOf":{"@id":"https:\/\/arttrakt.pl\/en\/#website"},"primaryImageOfPage":{"@id":"https:\/\/arttrakt.pl\/en\/artysci\/hubert-bujak\/hubert-bujak-powodz\/#primaryimage"},"image":{"@id":"https:\/\/arttrakt.pl\/en\/artysci\/hubert-bujak\/hubert-bujak-powodz\/#primaryimage"},"thumbnailUrl":"https:\/\/arttrakt.pl\/wp-content\/uploads\/2025\/05\/Bez-nazwy-1000-x-1000-px-4.jpg","datePublished":"2025-05-23T13:41:54+00:00","description":"Hubert Bujak - Pow\u00f3d\u017a","breadcrumb":{"@id":"https:\/\/arttrakt.pl\/en\/artysci\/hubert-bujak\/hubert-bujak-powodz\/#breadcrumb"},"inLanguage":"en-US","potentialAction":[{"@type":"ReadAction","target":["https:\/\/arttrakt.pl\/en\/artysci\/hubert-bujak\/hubert-bujak-powodz\/"]}]},{"@type":"ImageObject","inLanguage":"en-US","@id":"https:\/\/arttrakt.pl\/en\/artysci\/hubert-bujak\/hubert-bujak-powodz\/#primaryimage","url":"https:\/\/arttrakt.pl\/wp-content\/uploads\/2025\/05\/Bez-nazwy-1000-x-1000-px-4.jpg","contentUrl":"https:\/\/arttrakt.pl\/wp-content\/uploads\/2025\/05\/Bez-nazwy-1000-x-1000-px-4.jpg","width":1000,"height":1000,"caption":"Hubert Bujak"},{"@type":"BreadcrumbList","@id":"https:\/\/arttrakt.pl\/en\/artysci\/hubert-bujak\/hubert-bujak-powodz\/#breadcrumb","itemListElement":[{"@type":"ListItem","position":1,"name":"Strona g\u0142\u00f3wna","item":"https:\/\/arttrakt.pl\/en\/"},{"@type":"ListItem","position":2,"name":"Shop","item":"https:\/\/arttrakt.pl\/en\/shop\/"},{"@type":"ListItem","position":3,"name":"Hubert Bujak &#8211; Pow\u00f3d\u017a"}]},{"@type":"WebSite","@id":"https:\/\/arttrakt.pl\/en\/#website","url":"https:\/\/arttrakt.pl\/en\/","name":"ARTTRAKT","description":"Galeria sztuki","publisher":{"@id":"https:\/\/arttrakt.pl\/en\/#organization"},"potentialAction":[{"@type":"SearchAction","target":{"@type":"EntryPoint","urlTemplate":"https:\/\/arttrakt.pl\/en\/?s={search_term_string}"},"query-input":{"@type":"PropertyValueSpecification","valueRequired":true,"valueName":"search_term_string"}}],"inLanguage":"en-US"},{"@type":"Organization","@id":"https:\/\/arttrakt.pl\/en\/#organization","name":"ARTTRAKT","url":"https:\/\/arttrakt.pl\/en\/","logo":{"@type":"ImageObject","inLanguage":"en-US","@id":"https:\/\/arttrakt.pl\/en\/#\/schema\/logo\/image\/","url":"https:\/\/arttrakt.pl\/wp-content\/uploads\/2022\/03\/logo_arttrakt.svg","contentUrl":"https:\/\/arttrakt.pl\/wp-content\/uploads\/2022\/03\/logo_arttrakt.svg","width":2521,"height":1152,"caption":"ARTTRAKT"},"image":{"@id":"https:\/\/arttrakt.pl\/en\/#\/schema\/logo\/image\/"},"sameAs":["https:\/\/www.facebook.com\/Arttrakt","https:\/\/www.instagram.com\/galeria_arttrakt\/"]}]}},"_links":{"self":[{"href":"https:\/\/arttrakt.pl\/en\/wp-json\/wp\/v2\/product\/10178","targetHints":{"allow":["GET"]}}],"collection":[{"href":"https:\/\/arttrakt.pl\/en\/wp-json\/wp\/v2\/product"}],"about":[{"href":"https:\/\/arttrakt.pl\/en\/wp-json\/wp\/v2\/types\/product"}],"replies":[{"embeddable":true,"href":"https:\/\/arttrakt.pl\/en\/wp-json\/wp\/v2\/comments?post=10178"}],"wp:featuredmedia":[{"embeddable":true,"href":"https:\/\/arttrakt.pl\/en\/wp-json\/wp\/v2\/media\/10179"}],"wp:attachment":[{"href":"https:\/\/arttrakt.pl\/en\/wp-json\/wp\/v2\/media?parent=10178"}],"wp:term":[{"taxonomy":"product_brand","embeddable":true,"href":"https:\/\/arttrakt.pl\/en\/wp-json\/wp\/v2\/product_brand?post=10178"},{"taxonomy":"product_cat","embeddable":true,"href":"https:\/\/arttrakt.pl\/en\/wp-json\/wp\/v2\/product_cat?post=10178"},{"taxonomy":"product_tag","embeddable":true,"href":"https:\/\/arttrakt.pl\/en\/wp-json\/wp\/v2\/product_tag?post=10178"}],"curies":[{"name":"wp","href":"https:\/\/api.w.org\/{rel}","templated":true}]}}